{"id":93,"date":"2022-12-09T19:11:49","date_gmt":"2022-12-09T18:11:49","guid":{"rendered":"https:\/\/pesta.schule\/wordpress\/?page_id=93"},"modified":"2022-12-09T19:32:41","modified_gmt":"2022-12-09T18:32:41","slug":"schuelerrat","status":"publish","type":"page","link":"https:\/\/pesta.schule\/wordpress\/?page_id=93","title":{"rendered":"Sch\u00fclerrat"},"content":{"rendered":"\n<p>Wortgewaltig<br>Innovativ<br>Relevant<\/p>\n\n\n\n<p>WIR \u2013 das ist der Sch\u00fclerrat des Pestalozzi-Gymnasiums Dresden.<br>Wir sind Sch\u00fclerinnen und Sch\u00fcler aller Klassen und Jahrg\u00e4nge und jeden Alters. Gemeinsam besprechen wir wichtige Themen und gestalten das Zusammenleben an unserer Schule mit.<br>So organisieren wir beispielsweise aus langer Tradition das j\u00e4hrliche Schulfest, riefen vor einigen Jahren einen Toleranztag ins Leben, den wir seitdem j\u00e4hrlich veranstalten (lassen) und bieten engagierten Sch\u00fcler*innen die M\u00f6glichkeit, ihre Ideen einzubringen und, wenn m\u00f6glich, umzusetzen.<br>Neueste Projekte, \u00fcber die im Sch\u00fclerrat abgestimmt wurde und die hetzt in der Umsetzung sind, sind die Erstellung eines Instagram-Accounts des Sch\u00fclerrats und die Veranstaltung eines Schulballs.<\/p>\n\n\n\n<p>Auf dieser Seite k\u00f6nnen Sie Einsicht in die Protokolle der einzelnen Sch\u00fclerratssitzungen nehmen und unter folgender E-Mail-Adresse eigene Vorschl\u00e4ge und Ideen einbringen: Schuelerrat.pesta@gmx.de<\/p>\n\n\n\n<p>Wir freuen uns auf Ihre Beteiligung!<br>Mit motivierenden Gr\u00fc\u00dfen,<\/p>\n\n\n\n<p>Ihr Sch\u00fclerrat<\/p>\n","protected":false},"excerpt":{"rendered":"<p>WortgewaltigInnovativRelevant WIR \u2013 das ist der Sch\u00fclerrat des Pestalozzi-Gymnasiums Dresden.Wir sind Sch\u00fclerinnen und Sch\u00fcler aller Klassen und Jahrg\u00e4nge und jeden Alters. Gemeinsam besprechen wir wichtige Themen und gestalten das Zusammenleben an unserer Schule mit.So organisieren wir beispielsweise aus langer Tradition das j\u00e4hrliche Schulfest, riefen vor einigen Jahren einen Toleranztag ins Leben, den wir seitdem j\u00e4hrlich [&hellip;]<\/p>\n","protected":false},"author":1,"featured_media":0,"parent":39,"menu_order":0,"comment_status":"closed","ping_status":"closed","template":"","meta":{"footnotes":""},"class_list":["post-93","page","type-page","status-publish","hentry"],"_links":{"self":[{"href":"https:\/\/pesta.schule\/wordpress\/index.php?rest_route=\/wp\/v2\/pages\/93","targetHints":{"allow":["GET"]}}],"collection":[{"href":"https:\/\/pesta.schule\/wordpress\/index.php?rest_route=\/wp\/v2\/pages"}],"about":[{"href":"https:\/\/pesta.schule\/wordpress\/index.php?rest_route=\/wp\/v2\/types\/page"}],"author":[{"embeddable":true,"href":"https:\/\/pesta.schule\/wordpress\/index.php?rest_route=\/wp\/v2\/users\/1"}],"replies":[{"embeddable":true,"href":"https:\/\/pesta.schule\/wordpress\/index.php?rest_route=%2Fwp%2Fv2%2Fcomments&post=93"}],"version-history":[{"count":1,"href":"https:\/\/pesta.schule\/wordpress\/index.php?rest_route=\/wp\/v2\/pages\/93\/revisions"}],"predecessor-version":[{"id":95,"href":"https:\/\/pesta.schule\/wordpress\/index.php?rest_route=\/wp\/v2\/pages\/93\/revisions\/95"}],"up":[{"embeddable":true,"href":"https:\/\/pesta.schule\/wordpress\/index.php?rest_route=\/wp\/v2\/pages\/39"}],"wp:attachment":[{"href":"https:\/\/pesta.schule\/wordpress\/index.php?rest_route=%2Fwp%2Fv2%2Fmedia&parent=93"}],"curies":[{"name":"wp","href":"https:\/\/api.w.org\/{rel}","templated":true}]}}