{"id":90,"date":"2022-12-09T19:11:24","date_gmt":"2022-12-09T18:11:24","guid":{"rendered":"https:\/\/pesta.schule\/wordpress\/?page_id=90"},"modified":"2025-09-18T11:06:23","modified_gmt":"2025-09-18T09:06:23","slug":"foerderverein-des-schullandheims","status":"publish","type":"page","link":"https:\/\/pesta.schule\/wordpress\/?page_id=90","title":{"rendered":"F\u00f6rderverein des Schullandheims"},"content":{"rendered":"\n<h3 class=\"wp-block-heading\">Kontaktinformationen<\/h3>\n\n\n\n<p>Name des Vereins: F\u00f6rderverein der Pestalozzischule Dresden (Gymnasium) e.V.<\/p>\n\n\n\n<p>Telefon: (0351) 8 94 13 0<br>Telefax: (0351) 8 94 13 20<br>Pestalozziplatz 22<br>01127 Dresden<br>E-Mail: <a href=\"mailto:akfoerderverein@pgd.lernsax.de\">akfoerderverein@pgd.lernsax.de<\/a><\/p>\n\n\n\n<p><\/p>\n\n\n\n<h3 class=\"wp-block-heading\">Bankverbindung<\/h3>\n\n\n\n<p>Empf\u00e4nger: F\u00f6rderverein der Pestalozzischule Dresden (Gymnasium) e.V.<\/p>\n\n\n\n<p>Dresdner Volksbank Raiffeisenbank e.G.<br>BIC: &nbsp; &nbsp;GENODEF1DRS 00<br>IBAN: &nbsp;DE32 8509 0000 4819 9510 00<br><\/p>\n\n\n\n<h3 class=\"wp-block-heading\">Struktur des ehrenamtlich t\u00e4tigen Vereinsvorstandes<\/h3>\n\n\n\n<div class=\"wp-block-group is-vertical is-layout-flex wp-container-core-group-is-layout-fe9cc265 wp-block-group-is-layout-flex\">\n<p>Vorsitzender des Vereins: Herr Tommy Durda<br>stellvertretender Vorsitzender: Herr Christian Schneider<br>Schatzmeister: Herr Georg Knieling<br>Schriftf\u00fchrerin: Frau Steffie Hultsch<br><\/p>\n\n\n\n<p>Gr\u00fcndung: 25. Februar 1992<br>Rechtsform: eingetragener, gemeinn\u00fctziger Verein,&nbsp;<br>damit selbst\u00e4ndige juristische Person<br>Registriert beim Amtsgericht Dresden unter VR 1637&nbsp;<\/p>\n\n\n\n<p><\/p>\n\n\n\n<p><\/p>\n\n\n\n<h3 class=\"wp-block-heading\">Ziel des Vereins:<\/h3>\n<\/div>\n\n\n\n<p>Wir wollen einen erg\u00e4nzenden Beitrag zur Verbesserung der Bildungs- und Freizeitm\u00f6glichkeiten&nbsp; f\u00fcr die Sch\u00fcler des Pestalozzi-Gymnasiums leisten, sowie dar\u00fcber hinaus die spezifischen M\u00f6glichkeiten&nbsp;des Vereins f\u00fcr die Erhaltung und Steigerung der Attraktivit\u00e4t des Pestalozzi-Gymnasiums einsetzen.&nbsp;Dabei konzentriert sich unsere Arbeit auf den Betrieb des Schullandheimes in Altenkirchen\/R\u00fcgen.&nbsp;Als Tr\u00e4ger des Schullandheimes sind unsere Aufgaben:<\/p>\n\n\n\n<ul class=\"wp-block-list\">\n<li>Bauliche und finanzielle Erhaltung des Schullandheims<\/li>\n\n\n\n<li>Organisation und Durchf\u00fchrung von Ferienbelegungen im Sommer<\/li>\n\n\n\n<li>Vorbereitung und Durchf\u00fchrung handlungsorientierter und fach\u00fcbergreifender Projekte (Umweltbildung) im Schullandheim<\/li>\n<\/ul>\n\n\n\n<h3 class=\"wp-block-heading\">T\u00e4tigkeitsfelder<\/h3>\n\n\n\n<ul class=\"wp-block-list\">\n<li>Tr\u00e4ger des Schullandheimes Altenkirchen\/R\u00fcgen<\/li>\n\n\n\n<li>Unterst\u00fctzung des Ausbildung am Gymnasium durch Beschaffung von Lehr- und Lernmitteln<\/li>\n\n\n\n<li>Unterst\u00fctzung des Gymnasiums bei schulischen Veranstaltungen (finanzielle Zuwendungen)<\/li>\n\n\n\n<li>Erweiterung des gymnasialen Bildungsangebotes in Form von Projekten<\/li>\n\n\n\n<li>Schaffung von M\u00f6glichkeiten sinnvoller Freizeitgestaltung:<\/li>\n\n\n\n<li>Organisation von Ferienaufenthalten<\/li>\n\n\n\n<li>Galerief\u00fchrungen<\/li>\n\n\n\n<li>Vorbereitung von Vortr\u00e4gen und Veranstaltungen<\/li>\n\n\n\n<li>individuelle finanzielle Unterst\u00fctzung von Sch\u00fclern in begr\u00fcndeten F\u00e4llen<\/li>\n<\/ul>\n\n\n\n<h3 class=\"wp-block-heading\">Projekte im Bereich Umweltbildung<\/h3>\n\n\n\n<p>Nachfolgend sind abgeschlossene Projekte aufgef\u00fchrt, an denen der F\u00f6rderverein ma\u00dfgeblich inhaltlich beteiligt war oder als Projekttr\u00e4ger fungierte.<\/p>\n\n\n\n<ul class=\"wp-block-list\">\n<li>&#8220;Komplexe Umweltbildung am Gymnasium&#8221; (1993\/1994)<\/li>\n\n\n\n<li>Projekt in Zusammenarbeit mit dem S\u00e4chsischen Staatsministerium f\u00fcr Umwelt und Landesentwicklung<\/li>\n\n\n\n<li>&#8220;Einbindung der Schule in ihr territoriales Umfeld an einem Beispiel der gestaltenden Umwelterziehung&#8221; (1994\/1995) Projekt in Zusammenarbeit mit dem S\u00e4chsischen Staatsministerium f\u00fcr Kultus<\/li>\n\n\n\n<li>&#8220;Umweltgerechter Betrieb des Schullandheimes Altenkirchen\/R\u00fcgen&#8221; (1996-1998)<\/li>\n\n\n\n<li>Projekt mit dem Humboldt-Gymnasium Radeberg und der Pestalozzi-Mittelschule Radeberg<\/li>\n\n\n\n<li>&#8220;Erfassung und Beschreibung der Umweltstruktur am Standort des Schullandheimes Altenkirchen\/R\u00fcgen&#8221; (1997\/1998) Projekt mit dem Partnergymnasium Essen Nord-Ost und Unterst\u00fctzung der Robert-Bosch-Stiftung\/Deutsche Kinder- und Jugendstiftung<\/li>\n<\/ul>\n\n\n\n<h3 class=\"wp-block-heading\">\u00d6ffentliche Aufmerksamkeit<\/h3>\n\n\n\n<ul class=\"wp-block-list\">\n<li>Beteiligung an der Tagung &#8220;Umweltschonende Verkehrsstrategien des Arbeitskreises Gymnasium und Wirtschaft&#8221; (1993)<\/li>\n\n\n\n<li>Auszeichnung mit dem Hanse-Merkur Kinderschutzpreis (1994)<\/li>\n\n\n\n<li>&#8220;Beitrag f\u00fcr gemeinsame Brosch\u00fcre des S\u00e4chsischen Staatsministeriums f\u00fcr Kultus und des S\u00e4chsischen Staatsministeriums f\u00fcr Umwelt und Landesentwicklung Umweltprojekte im Umweltbereich&#8221; (1995)<\/li>\n\n\n\n<li>&#8220;Vortrag an der Universit\u00e4t Leipzig im Rahmen des Kolloquiums Komplexe Umwelterziehung &#8211; eine Herausforderung nicht nur der Schule&#8221; (1996)<\/li>\n\n\n\n<li>&#8220;Vortrag im Rahmen der Veranstaltung Neue Methoden der Umwelterziehung&#8221; an der S\u00e4chsischen Akademie f\u00fcr Natur und Umwelt (1997)<\/li>\n\n\n\n<li>Vortrag auf der Tagung der Deutschen Gesellschaft f\u00fcr Umwelterziehung (DGU) &#8220;Schulische Umweltgespr\u00e4che im Freistaat Sachsen&#8221; (1997)<\/li>\n\n\n\n<li>Erfolgreiche Teilnahme an der Ausschreibung des F\u00f6rderwettbewerbs &#8220;Voneinander lernen-gemeinsam handeln-Zusammenwachsen&#8221; der Robert-Bosch-Stiftung\/Deutsche Kinder- und Jugendstiftung (1997)<\/li>\n\n\n\n<li>diverse Presseartikel, Beitr\u00e4ge regionaler Rundfunk- und Fernsehsender (1994, 1997, 1998)<\/li>\n<\/ul>\n\n\n\n<h3 class=\"wp-block-heading\">Zum Selbstverst\u00e4ndnis des Vereins<\/h3>\n\n\n\n<p>Die ersten \u00dcberlegungen zur Gr\u00fcndung des F\u00f6rdervereins am Pestalozzi-Gymnasium entstanden 1991. Damit sollte ein Weg gefunden werden, weitere Ressourcen f\u00fcr die Bildungs- und Erziehungsarbeit zu erschlie\u00dfen und zugleich den absehbarer R\u00fcckgang bisheriger staatlicher Unterst\u00fctzung in einzelnen Bereichen teilweise auszugleichen.&nbsp;<\/p>\n\n\n\n<p>Eine Gruppe engagierter Lehrer, Eltern und ehemaliger Sch\u00fcler gr\u00fcndete dann im Fr\u00fchjahr 1992 den Verein. Von Beginn an geh\u00f6rte es zum Selbstverst\u00e4ndnis nicht nur finanzielle Mittel bereit zu stellen, sondern auch selbst inhaltliche Akzente zu setzen und konkrete Projekte f\u00fcr die Schule mit zu gestalten. Dieser Ansatz lag auch begr\u00fcndet in der von der Gr\u00fcndung an zugewiesenen Aufgabe: dem Erhalt des damals seit mehr als 30 Jahren mit der Schule verbundenem Schullandheim in Altenkirchen\/R\u00fcgen und dessen Weiterentwicklung. Die Schule selbst hatte aus rechtlicher Sicht keine M\u00f6glichkeit das Objekt zu erhalten und h\u00e4tte einen wesentlichen Teil der vielseitigen Ausbildungsm\u00f6glichkeiten und einen guten Teil seiner Traditionen aufgeben m\u00fcssen. Der F\u00f6rderverein, dessen Kapazit\u00e4t mit diesem Auftrag nahezu vollst\u00e4ndig gebunden war, begann bereits in der Gr\u00fcndungsphase sich dieser Aufgabe zu widmen. Auf Grund der Komplexit\u00e4t und Vielzahl der Probleme kamen die f\u00fcr den Weiterbestand dringend notwendigen vertraglichen Regelungen erst 1996 zustande. Nachdem die Rechtssicherheit erreicht war, trat der F\u00f6rderverein als Grundst\u00fccksp\u00e4chter und Tr\u00e4ger des Schullandheimes ein. Damit hat der Verein Aufgaben und Verantwortung \u00dcbernommen, die erheblich von dem sonst f\u00fcr Schulf\u00f6rdervereine \u00fcblichen Aktivit\u00e4tsspektrum abweichen.<\/p>\n\n\n\n<p>Ungew\u00f6hnlich ist sicher auch, dass der F\u00f6rderverein gemeinsam mit der Schulleitung und dem Lehrerkollegium unterrichtserweiternde Projekte entwirft und Hilfestellung bei der Umsetzung gibt. Ziel ist dabei, handlungsorientierte Aufgabenstellungen zu entwickeln und sinnvolle Anwendungen der im Unterricht erlangten Kenntnisse zu erschlie\u00dfen. Daneben wurden die &#8220;klassischen&#8221; T\u00e4tigkeitsfelder eines F\u00f6rdervereins nicht vernachl\u00e4ssigt. Wesentlicher Teil der T\u00e4tigkeit ist auch die Akquisition weiterer Unterst\u00fctzung. Dazu geh\u00f6rt der Aufbau und die Pflege langj\u00e4hriger Beziehungen zu F\u00f6rderern in der Region. Ohne diese vielf\u00e4ltige Unterst\u00fctzung w\u00e4re die Arbeit des Vereins nicht m\u00f6glich.&nbsp;<\/p>\n\n\n\n<p>Sollten Sie Interesse daran haben, unsere Arbeit in irgendeiner Weise zu unterst\u00fctzen, interessante Anregungen einzubringen oder uns einfach nur kennenzulernen, so w\u00fcrden wir uns freuen, wenn Sie \u00fcber eine der angegebenen M\u00f6glichkeiten Kontakt aufnehmen w\u00fcrden.<\/p>\n","protected":false},"excerpt":{"rendered":"<p>Kontaktinformationen Name des Vereins: F\u00f6rderverein der Pestalozzischule Dresden (Gymnasium) e.V. Telefon: (0351) 8 94 13 0Telefax: (0351) 8 94 13 20Pestalozziplatz 2201127 DresdenE-Mail: akfoerderverein@pgd.lernsax.de Bankverbindung Empf\u00e4nger: F\u00f6rderverein der Pestalozzischule Dresden (Gymnasium) e.V. Dresdner Volksbank Raiffeisenbank e.G.BIC: &nbsp; &nbsp;GENODEF1DRS 00IBAN: &nbsp;DE32 8509 0000 4819 9510 00 Struktur des ehrenamtlich t\u00e4tigen Vereinsvorstandes Vorsitzender des Vereins: Herr Tommy [&hellip;]<\/p>\n","protected":false},"author":1,"featured_media":0,"parent":27,"menu_order":0,"comment_status":"closed","ping_status":"closed","template":"","meta":{"footnotes":""},"class_list":["post-90","page","type-page","status-publish","hentry"],"_links":{"self":[{"href":"https:\/\/pesta.schule\/wordpress\/index.php?rest_route=\/wp\/v2\/pages\/90","targetHints":{"allow":["GET"]}}],"collection":[{"href":"https:\/\/pesta.schule\/wordpress\/index.php?rest_route=\/wp\/v2\/pages"}],"about":[{"href":"https:\/\/pesta.schule\/wordpress\/index.php?rest_route=\/wp\/v2\/types\/page"}],"author":[{"embeddable":true,"href":"https:\/\/pesta.schule\/wordpress\/index.php?rest_route=\/wp\/v2\/users\/1"}],"replies":[{"embeddable":true,"href":"https:\/\/pesta.schule\/wordpress\/index.php?rest_route=%2Fwp%2Fv2%2Fcomments&post=90"}],"version-history":[{"count":8,"href":"https:\/\/pesta.schule\/wordpress\/index.php?rest_route=\/wp\/v2\/pages\/90\/revisions"}],"predecessor-version":[{"id":1038,"href":"https:\/\/pesta.schule\/wordpress\/index.php?rest_route=\/wp\/v2\/pages\/90\/revisions\/1038"}],"up":[{"embeddable":true,"href":"https:\/\/pesta.schule\/wordpress\/index.php?rest_route=\/wp\/v2\/pages\/27"}],"wp:attachment":[{"href":"https:\/\/pesta.schule\/wordpress\/index.php?rest_route=%2Fwp%2Fv2%2Fmedia&parent=90"}],"curies":[{"name":"wp","href":"https:\/\/api.w.org\/{rel}","templated":true}]}}