{"id":87,"date":"2022-12-09T19:10:51","date_gmt":"2022-12-09T18:10:51","guid":{"rendered":"https:\/\/pesta.schule\/wordpress\/?page_id=87"},"modified":"2023-09-14T13:12:13","modified_gmt":"2023-09-14T11:12:13","slug":"foerderverein-der-schule","status":"publish","type":"page","link":"https:\/\/pesta.schule\/wordpress\/?page_id=87","title":{"rendered":"F\u00f6rderverein der Schule"},"content":{"rendered":"\n<h4 class=\"wp-block-heading\">Anschrift &amp; Kontaktdaten<\/h4>\n\n\n\n<p>F\u00f6rderverein Pestalozzi Gymnasium Dresden e.V.<br>Pestalozziplatz 22<br>01127 Dresden<br>Telefon: (0351) 8 94 13 0<br>Telefax: (0351) 8 94 13 20<br>E-Mail:&nbsp;<a href=\"javascript:linkTo_UnCryptMailto(%27ocknvq%2CHX%5C%2FRguvciaopcukwo%5C%2FFtgufgpBioz0fg%27);\">FV-Pestagymnasium-Dresden(at)gmx(dot)de<\/a><\/p>\n\n\n\n<p>Gr\u00fcndung: 20.12.2006<\/p>\n\n\n\n<p>Rechtsform: eingetragener, gemeinn\u00fctziger Verein, damit selbst\u00e4ndige juristische Person,&nbsp;Registriert beim Amtsgericht Dresden unter VR 4784&nbsp;<\/p>\n\n\n\n<h4 class=\"wp-block-heading\">&nbsp;<\/h4>\n\n\n\n<h4 class=\"wp-block-heading\">Struktur des ehrenamtlich t\u00e4tigen Vereinsvorstandes:<\/h4>\n\n\n\n<ul class=\"wp-block-list\">\n<li>Frau Scheede-Lacour (Vorsitzende)<\/li>\n\n\n\n<li>Frau Richter (Stellvertretende)<\/li>\n\n\n\n<li>Herr K\u00fchn (Schatzmeister)<\/li>\n\n\n\n<li>Frau Apitz (Beisitzerin)<\/li>\n\n\n\n<li>Frau Stephan (Beisitzerin)<\/li>\n<\/ul>\n\n\n\n<h4 class=\"wp-block-heading\">Ziel des Vereins:<\/h4>\n\n\n\n<p>Unser Verein wurde Ende 2006 gegr\u00fcndet, um zun\u00e4chst die Einf\u00fchrung des Ganztagsangebotes an unserer Schule zu erm\u00f6glichen.<br>W\u00e4hrend der bereits seit 1992 bestehende F\u00f6rderverein des Schullandheims (<a rel=\"noreferrer noopener\" href=\"https:\/\/pesta.schule\/wordpress\/?page_id=90\" target=\"_blank\">F\u00f6rderverein der Pestalozzischule Dresden (Gymnasium) e.V.<\/a>) sich auf die Erhaltung und Nutzung unseres Schullandheimes in Altenkirchen\/R\u00fcgen konzentriert, sehen wir unsere Hauptaufgabe in der Unterst\u00fctzung schulischer H\u00f6hepunkte und Projekte gemeinsam mit Sch\u00fclern, Eltern und Lehrern.<br>Beide Vereine arbeiten eng zusammen.<br><br>Wir sehen unsere Aufgaben insbesondere darin:<\/p>\n\n\n\n<p><\/p>\n\n\n\n<ul class=\"wp-block-list\">\n<li>Schulische Veranstaltungen in der Gemeinschaft von Sch\u00fclern, Eltern und Lehrern zu begleiten<\/li>\n\n\n\n<li>das kulturelle Leben der Schule zu bereichern, besonders zu erw\u00e4hnen sind dabei\n<ul class=\"wp-block-list\">\n<li>Schulmeisterschaften<\/li>\n\n\n\n<li>Schulmeisterschaften<\/li>\n\n\n\n<li>Talentwettbewerbe<\/li>\n\n\n\n<li>Weihnachtsmarkt<\/li>\n\n\n\n<li>Weihnachtskonzert<\/li>\n\n\n\n<li>Abiball, inkl. Abizeitung<\/li>\n\n\n\n<li>Schulfest<\/li>\n\n\n\n<li>Toleranztag<\/li>\n\n\n\n<li>Willkommenspaket f\u00fcr die neuen f\u00fcnften Klassen (Sch\u00fclerkalender, Willkommensfest, Vortrag \u201eWege durch den Mediendschungel\u201c)<\/li>\n\n\n\n<li>Unterst\u00fctzung der&nbsp;<a rel=\"noreferrer noopener\" href=\"https:\/\/pesta.schule\/wordpress\/?page_id=180\" target=\"_blank\">Sch\u00fclerfirma<\/a>&nbsp;\u201ePimp My Brain\u201c<\/li>\n<\/ul>\n<\/li>\n\n\n\n<li>Projektbeteiligungen im Rahmen von offiziellen Ausschreibungen zu unterst\u00fctzen (sind meist an eine Kofinanzierung durch einen Verein gebunden)<\/li>\n\n\n\n<li>den Kontakt zu ehemaligen Sch\u00fclern und Lehrern zu pflegen, z.B. durch die gro\u00dfen Ehemaligentreffen 2007, 2009, 2012 und 2015<\/li>\n<\/ul>\n\n\n\n<h4 class=\"wp-block-heading\">Spenden<\/h4>\n\n\n\n<p>Bestellen Sie gern online und wollen ohne zus\u00e4tzliche Kosten unserer Schule etwas Gutes tun? Geschenke, Kleidung, Kosmetik, B\u00fcroartikel, Autoteile, Tierbedarf, Medikamente, B\u00fccher usw. \u2013 mit all diesen Produkten k\u00f6nnen Sie unseren F\u00f6rderverein \u00fcber das Spendenportal\u00a0<a rel=\"noreferrer noopener\" href=\"http:\/\/www.bildungsspender.de\/\" target=\"_blank\">www.Bildungsspender.de<\/a>\u00a0\u00a0unterst\u00fctzen. Wie es funktioniert erfahren Sie in\u00a0<a href=\"https:\/\/pesta.schule\/wordpress\/wp-content\/uploads\/2023\/09\/Bildungsspender-so-funktioniert-es.pdf\" data-type=\"attachment\" data-id=\"507\">diesem\u00a0<\/a>PDF oder auf der Seite des Portals.<\/p>\n\n\n\n<p>Wenn Sie uns mit einer&nbsp;Spende unterst\u00fctzen wollen, so k\u00f6nnen Sie den gew\u00fcnschten Betrag gern auf unser Konto \u00fcberweisen. Sie k\u00f6nnen auch zweckgebunden spenden, indem Sie das entsprechende Vorhaben, das Sie unterst\u00fctzen m\u00f6chten, angeben. Wir sind als gemeinn\u00fctzig anerkannt, Ihre Spende k\u00f6nnen Sie daher beim Finanzamt steuerlich geltend machen! F\u00fcr Betr\u00e4ge bis zu 200,00 \u20ac gilt der \u00dcberweisungsbeleg zur Vorlage beim Finanzamt.<\/p>\n\n\n\n<p>Bankverbindung:Osts\u00e4chsische Sparkasse Dresden<\/p>\n\n\n\n<p>IBAN: DE25 8505 0300 3100 3331 51&nbsp;<\/p>\n\n\n\n<p>BIC: &nbsp; &nbsp;OSDDDE81XXX<\/p>\n\n\n\n<p>Verwendungszweck z.B.<\/p>\n\n\n\n<ul class=\"wp-block-list\">\n<li>F\u00f6rderung der Bildung und Erziehung,<\/li>\n\n\n\n<li>Mitgliedsbeitrag 2023 <\/li>\n\n\n\n<li>Spende <\/li>\n\n\n\n<li>evtl. zweckgebunden z.B. Jahrbuch, Abiball \u2026<\/li>\n<\/ul>\n\n\n\n<h4 class=\"wp-block-heading\">&nbsp;<\/h4>\n\n\n\n<h4 class=\"wp-block-heading\">Mitgliedsantrag:<\/h4>\n\n\n\n<p>Der Mitgliedsantrag kann&nbsp;<a href=\"https:\/\/pesta.schule\/wordpress\/wp-content\/uploads\/2023\/09\/Flyer-Mitgliedsantrag-A4.pdf\" data-type=\"attachment\" data-id=\"508\">hier&nbsp;<\/a>heruntergeladen werden.<\/p>\n\n\n\n<p><\/p>\n\n\n\n<h5 class=\"wp-block-heading\">Satzung<\/h5>\n\n\n\n<p>Die Satzung kann&nbsp;<a href=\"https:\/\/pesta.schule\/wordpress\/wp-content\/uploads\/2023\/09\/Satzung-des-FV-Pesta-ab-2019.pdf\" data-type=\"attachment\" data-id=\"509\">hier&nbsp;<\/a>heruntergeladen werden.<\/p>\n","protected":false},"excerpt":{"rendered":"<p>Anschrift &amp; Kontaktdaten F\u00f6rderverein Pestalozzi Gymnasium Dresden e.V.Pestalozziplatz 2201127 DresdenTelefon: (0351) 8 94 13 0Telefax: (0351) 8 94 13 20E-Mail:&nbsp;FV-Pestagymnasium-Dresden(at)gmx(dot)de Gr\u00fcndung: 20.12.2006 Rechtsform: eingetragener, gemeinn\u00fctziger Verein, damit selbst\u00e4ndige juristische Person,&nbsp;Registriert beim Amtsgericht Dresden unter VR 4784&nbsp; &nbsp; Struktur des ehrenamtlich t\u00e4tigen Vereinsvorstandes: Ziel des Vereins: Unser Verein wurde Ende 2006 gegr\u00fcndet, um zun\u00e4chst die Einf\u00fchrung [&hellip;]<\/p>\n","protected":false},"author":1,"featured_media":0,"parent":39,"menu_order":0,"comment_status":"closed","ping_status":"closed","template":"","meta":{"footnotes":""},"class_list":["post-87","page","type-page","status-publish","hentry"],"_links":{"self":[{"href":"https:\/\/pesta.schule\/wordpress\/index.php?rest_route=\/wp\/v2\/pages\/87","targetHints":{"allow":["GET"]}}],"collection":[{"href":"https:\/\/pesta.schule\/wordpress\/index.php?rest_route=\/wp\/v2\/pages"}],"about":[{"href":"https:\/\/pesta.schule\/wordpress\/index.php?rest_route=\/wp\/v2\/types\/page"}],"author":[{"embeddable":true,"href":"https:\/\/pesta.schule\/wordpress\/index.php?rest_route=\/wp\/v2\/users\/1"}],"replies":[{"embeddable":true,"href":"https:\/\/pesta.schule\/wordpress\/index.php?rest_route=%2Fwp%2Fv2%2Fcomments&post=87"}],"version-history":[{"count":3,"href":"https:\/\/pesta.schule\/wordpress\/index.php?rest_route=\/wp\/v2\/pages\/87\/revisions"}],"predecessor-version":[{"id":515,"href":"https:\/\/pesta.schule\/wordpress\/index.php?rest_route=\/wp\/v2\/pages\/87\/revisions\/515"}],"up":[{"embeddable":true,"href":"https:\/\/pesta.schule\/wordpress\/index.php?rest_route=\/wp\/v2\/pages\/39"}],"wp:attachment":[{"href":"https:\/\/pesta.schule\/wordpress\/index.php?rest_route=%2Fwp%2Fv2%2Fmedia&parent=87"}],"curies":[{"name":"wp","href":"https:\/\/api.w.org\/{rel}","templated":true}]}}