{"id":84,"date":"2022-12-09T19:10:01","date_gmt":"2022-12-09T18:10:01","guid":{"rendered":"https:\/\/pesta.schule\/wordpress\/?page_id=84"},"modified":"2025-10-02T07:21:40","modified_gmt":"2025-10-02T05:21:40","slug":"elternrat","status":"publish","type":"page","link":"https:\/\/pesta.schule\/wordpress\/?page_id=84","title":{"rendered":"Elternrat"},"content":{"rendered":"\n<p>Am 11.September 2025 fand die diesj\u00e4hrige Elternratswahl statt. Folgende Klassenelternvertreter wurden gew\u00e4hlt:<\/p>\n\n\n\n<figure class=\"wp-block-table\"><table><thead><tr><th scope=\"col\">Funktion<\/th><th scope=\"col\">Name<\/th><\/tr><\/thead><tbody><tr><td>Elternratsvorsitzende<\/td><td>Fr. K\u00f6sser<\/td><\/tr><tr><td>stellvertretende ER-Vorsitzende<\/td><td>Fr. Horvath<\/td><\/tr><tr><td>Vertreterin im Kreiselternrat<\/td><td>Fr. Schwitalle<\/td><\/tr><tr><td>Mitglied der Schulkonferenz<\/td><td>Fr. Schiefner<\/td><\/tr><tr><td>Mitglied der Schulkonferenz<\/td><td>Fr. Pietzsch<\/td><\/tr><tr><td>Mitglied der Schulkonferenz<\/td><td>Fr. Horvath<\/td><\/tr><\/tbody><\/table><\/figure>\n\n\n\n<p>Der Elternrat ist im Moment per Mail erreichbar unter&nbsp;<a href=\"mailto:elternvertreter@pgd.lernsax.de\" data-type=\"mailto\" data-id=\"mailto:ev.91@pgd.lernsax.de\">elternvertreter@pgd.lernsax.de<\/a> erreichbar.<\/p>\n\n\n\n<p><a href=\"https:\/\/pesta.schule\/wordpress\/wp-content\/uploads\/2024\/06\/Geschaeftsordnung-Elternrat-2024-05-22.pdf\" data-type=\"link\" data-id=\"https:\/\/pesta.schule\/wordpress\/wp-content\/uploads\/2024\/06\/Geschaeftsordnung-Elternrat-2024-05-22.pdf\">Hier <\/a>kann man sich Gesch\u00e4ftsordnung des Elternrats anschauen.<\/p>\n\n\n\n<p><\/p>\n\n\n\n<p><\/p>\n\n\n\n<p><\/p>\n\n\n\n<p><\/p>\n\n\n\n<p><\/p>\n\n\n\n<p><\/p>\n\n\n\n<p><\/p>\n","protected":false},"excerpt":{"rendered":"<p>Am 11.September 2025 fand die diesj\u00e4hrige Elternratswahl statt. Folgende Klassenelternvertreter wurden gew\u00e4hlt: Funktion Name Elternratsvorsitzende Fr. K\u00f6sser stellvertretende ER-Vorsitzende Fr. Horvath Vertreterin im Kreiselternrat Fr. Schwitalle Mitglied der Schulkonferenz Fr. Schiefner Mitglied der Schulkonferenz Fr. Pietzsch Mitglied der Schulkonferenz Fr. Horvath Der Elternrat ist im Moment per Mail erreichbar unter&nbsp;elternvertreter@pgd.lernsax.de erreichbar. Hier kann man sich [&hellip;]<\/p>\n","protected":false},"author":1,"featured_media":0,"parent":39,"menu_order":0,"comment_status":"closed","ping_status":"closed","template":"","meta":{"footnotes":""},"class_list":["post-84","page","type-page","status-publish","hentry"],"_links":{"self":[{"href":"https:\/\/pesta.schule\/wordpress\/index.php?rest_route=\/wp\/v2\/pages\/84","targetHints":{"allow":["GET"]}}],"collection":[{"href":"https:\/\/pesta.schule\/wordpress\/index.php?rest_route=\/wp\/v2\/pages"}],"about":[{"href":"https:\/\/pesta.schule\/wordpress\/index.php?rest_route=\/wp\/v2\/types\/page"}],"author":[{"embeddable":true,"href":"https:\/\/pesta.schule\/wordpress\/index.php?rest_route=\/wp\/v2\/users\/1"}],"replies":[{"embeddable":true,"href":"https:\/\/pesta.schule\/wordpress\/index.php?rest_route=%2Fwp%2Fv2%2Fcomments&post=84"}],"version-history":[{"count":9,"href":"https:\/\/pesta.schule\/wordpress\/index.php?rest_route=\/wp\/v2\/pages\/84\/revisions"}],"predecessor-version":[{"id":1060,"href":"https:\/\/pesta.schule\/wordpress\/index.php?rest_route=\/wp\/v2\/pages\/84\/revisions\/1060"}],"up":[{"embeddable":true,"href":"https:\/\/pesta.schule\/wordpress\/index.php?rest_route=\/wp\/v2\/pages\/39"}],"wp:attachment":[{"href":"https:\/\/pesta.schule\/wordpress\/index.php?rest_route=%2Fwp%2Fv2%2Fmedia&parent=84"}],"curies":[{"name":"wp","href":"https:\/\/api.w.org\/{rel}","templated":true}]}}