{"id":69,"date":"2022-12-09T18:55:14","date_gmt":"2022-12-09T17:55:14","guid":{"rendered":"https:\/\/pesta.schule\/wordpress\/?page_id=69"},"modified":"2025-09-29T11:56:21","modified_gmt":"2025-09-29T09:56:21","slug":"die-hausordnung-unserer-schule","status":"publish","type":"page","link":"https:\/\/pesta.schule\/wordpress\/?page_id=69","title":{"rendered":"Hausordnung\u00a0\u00a0\u00a0"},"content":{"rendered":"\n<h1 class=\"wp-block-heading\">Hausordnung des Pestalozzi \u2013 Gymnasiums Dresden<\/h1>\n\n\n\n<h2 class=\"wp-block-heading\">1 &nbsp;&nbsp;&nbsp;&nbsp; Grunds\u00e4tze<\/h2>\n\n\n\n<p>Die Hausordnung dient zur Regulierung des Zusammenlebens von Lehrern, technischen Angestellten und Sch\u00fclern auf der Grundlage<\/p>\n\n\n\n<ul class=\"wp-block-list\">\n<li>des Grundgesetzes,<\/li>\n\n\n\n<li>der Landesverfassung,<\/li>\n\n\n\n<li>des Schulgesetzes und der Schulordnung f\u00fcr Gymnasien sowie<\/li>\n\n\n\n<li>nachfolgender Verordnungen.<\/li>\n<\/ul>\n\n\n\n<p>Das Hausrecht wird vom Schulleiter ausge\u00fcbt.<\/p>\n\n\n\n<p>Verst\u00f6\u00dfe gegen die Hausordnung werden disziplinarisch geahndet (\u00a7 39 Schulgesetz\/Arbeitsrecht).<\/p>\n\n\n\n<h2 class=\"wp-block-heading\">&nbsp;<\/h2>\n\n\n\n<h2 class=\"wp-block-heading\">2 &nbsp;&nbsp;&nbsp;&nbsp; Regeln f\u00fcr das Miteinander<\/h2>\n\n\n\n<p><strong>2.1<\/strong> &nbsp;&nbsp;&nbsp;&nbsp;&nbsp;&nbsp;&nbsp; <\/p>\n\n\n\n<p>Disziplin, H\u00f6flichkeit, gegenseitige Achtung und respektvoller Umgang pr\u00e4gen das Zusammenleben in unserer Schule.<\/p>\n\n\n\n<p><strong>2.2<\/strong>&nbsp;&nbsp;&nbsp;&nbsp;&nbsp;&nbsp;&nbsp;&nbsp; <\/p>\n\n\n\n<p>Besondere Aufmerksamkeit wird der Achtung und R\u00fccksichtnahme im gemeinsamen Schulalltag mit Integrationssch\u00fclern gewidmet.<\/p>\n\n\n\n<p><strong>2.3<\/strong>&nbsp;&nbsp;&nbsp;&nbsp;&nbsp;&nbsp;&nbsp;&nbsp; <\/p>\n\n\n\n<p>Jeder tr\u00e4gt im Rahmen seiner M\u00f6glichkeiten dazu bei, dass das Ansehen der Schule in der \u00d6ffentlichkeit gef\u00f6rdert wird.<\/p>\n\n\n\n<p><strong>2.4<\/strong>&nbsp;&nbsp;&nbsp;&nbsp;&nbsp;&nbsp;&nbsp;&nbsp; <\/p>\n\n\n\n<p>\u00d6ffentliche Aush\u00e4nge sind nur zul\u00e4ssig, wenn deren Inhalt zu schulischen Belangen eindeutig ist. Diese sind mit dem Schulleiter abzustimmen und mit Namen, Klasse und Datum zu versehen.<\/p>\n\n\n\n<p><strong>2.5<\/strong>&nbsp;&nbsp;&nbsp;&nbsp;&nbsp;&nbsp;&nbsp;&nbsp; <\/p>\n\n\n\n<p>Die Nutzung von Mobiltelefonen und weiteren elektronischen Endger\u00e4ten ist in den Pausen untersagt.<br>Die Ger\u00e4te sind in einem \u201eBitte nicht st\u00f6ren\u201c-Modus in der Schultasche zu verwahren. Ausgenommen<br>davon sind Notf\u00e4lle und schulische Belange. Diese Regelung gilt nicht f\u00fcr Freistunden. Die Schule<br>\u00fcbernimmt keine Haftung f\u00fcr den Verlust von Mobiltelefonen und weiteren elektronischen Ger\u00e4ten<\/p>\n\n\n\n<p><strong>2.6<\/strong> &nbsp;&nbsp;&nbsp;&nbsp;&nbsp;&nbsp;&nbsp; <\/p>\n\n\n\n<p>Die Nutzung von Mobiltelefonen ist in der Kantine und Mensa w\u00e4hrend der Pausenzeiten&nbsp; verboten.<\/p>\n\n\n\n<p><strong>2.7<\/strong>&nbsp;&nbsp;&nbsp;&nbsp;&nbsp;&nbsp;&nbsp;&nbsp; <\/p>\n\n\n\n<p>Foto- und Videoaufnahmen von Personen bed\u00fcrfen der Zustimmung.<\/p>\n\n\n\n<h2 class=\"wp-block-heading\">3 Zeiten<\/h2>\n\n\n\n<p>Die Schule ist in der Regel von 07:00 Uhr bis 16:30 Uhr ge\u00f6ffnet.<\/p>\n\n\n\n<p>Die Eingangst\u00fcren am Pestalozziplatz sind in den Pausenzeiten offen und werden w\u00e4hrend der Unterrichtsstunden geschlossen. Besucher benutzen die Sprechanlage am Eingang Pestalozziplatz.<strong><br><\/strong><\/p>\n\n\n\n<h2 class=\"wp-block-heading\">3.1 &nbsp;&nbsp;&nbsp; Unterrichts- und Pausenzeiten<\/h2>\n\n\n\n<figure class=\"wp-block-table is-style-stripes\"><table class=\"has-fixed-layout\"><tbody><tr><td>Stunde<\/td><td>Zeiten<\/td><td>Kurzvariante<\/td><\/tr><tr><td><strong>&nbsp;<\/strong><\/td><td colspan=\"2\"><em>Einlass ab 07:00 Uhr<\/em><\/td><\/tr><tr><td><strong>1.<\/strong><\/td><td>07:25 \u2013 08:10 Uhr<\/td><td>07:25 \u2013 07:55<\/td><\/tr><tr><td><strong>&nbsp;<\/strong><\/td><td>&nbsp;<\/td><td>&nbsp;<\/td><\/tr><tr><td><strong>2.<\/strong><\/td><td>08:20 \u2013 09:05 Uhr<\/td><td>08:05 \u2013 08:35<\/td><\/tr><tr><td><strong>&nbsp;<\/strong><\/td><td><em>Fr\u00fchst\u00fcckspause<\/em><\/td><td><em>Fr\u00fchst\u00fcckspause<\/em><\/td><\/tr><tr><td><strong>3.\/4.<\/strong><\/td><td>09:20 \u2013 10:50 Uhr<\/td><td>08:50 \u2013 09:50<\/td><\/tr><tr><td><strong>&nbsp;<\/strong><\/td><td>&nbsp;<\/td><td>&nbsp;<\/td><\/tr><tr><td><strong>5.<\/strong><\/td><td>11:00 \u2013 11:45 Uhr<\/td><td>10:00 \u2013 10:30<\/td><\/tr><tr><td><strong>&nbsp;<\/strong><\/td><td><em>1. Mittagspause<\/em><\/td><td>&nbsp;<\/td><\/tr><tr><td><strong>6.<\/strong><\/td><td>12:10 \u2013 12:55 Uhr<\/td><td>10:40 \u2013 11:10<\/td><\/tr><tr><td><strong>&nbsp;<\/strong><\/td><td><em>2. Mittagspause<\/em><\/td><td>Mittagspause<\/td><\/tr><tr><td><strong>7.<\/strong><\/td><td>13:20 \u2013 14:05 Uhr<\/td><td>11:40 \u2013 12:10<\/td><\/tr><tr><td><strong>&nbsp;<\/strong><\/td><td>&nbsp;<\/td><td>&nbsp;<\/td><\/tr><tr><td><strong>8.<\/strong><\/td><td>14:10 \u2013 14:55 Uhr<\/td><td>12:15 \u2013 12:45<\/td><\/tr><\/tbody><\/table><\/figure>\n\n\n\n<p>Der Klassensprecher oder ein anderer Sch\u00fcler informiert das Sekretariat, wenn f\u00fcnf Minuten nach Unterrichtsbeginn noch kein Lehrer erschienen ist.<\/p>\n\n\n\n<p><strong>3.2&nbsp;&nbsp;&nbsp;&nbsp;&nbsp;&nbsp; <\/strong><\/p>\n\n\n\n<p>Bei lang anhaltenden, sehr hohen Temperaturen wird die Unterrichtsstunde auf 30 Minuten verk\u00fcrzt<strong>.<\/strong> Die Kurzvariante wird durch den Schulleiter oder seinen Stellvertreter am Vortag ausgel\u00f6st.<\/p>\n\n\n\n<p><strong>3.3 &nbsp;&nbsp;&nbsp;&nbsp;&nbsp; <\/strong><\/p>\n\n\n\n<p>Sprechzeiten des Sekretariats f\u00fcr Sch\u00fcler:&nbsp;&nbsp;&nbsp; &nbsp;&nbsp;&nbsp;&nbsp;&nbsp;&nbsp;&nbsp;&nbsp;&nbsp;&nbsp;&nbsp;&nbsp;&nbsp;&nbsp;&nbsp; 09:05 \u2013 09.25 Uhr<\/p>\n\n\n\n<p>&nbsp;&nbsp;&nbsp;&nbsp;&nbsp;&nbsp;&nbsp;&nbsp;&nbsp;&nbsp;&nbsp;&nbsp;&nbsp;&nbsp;&nbsp;&nbsp;&nbsp;&nbsp;&nbsp;&nbsp;&nbsp;&nbsp;&nbsp;&nbsp;&nbsp;&nbsp;&nbsp;&nbsp;&nbsp;&nbsp;&nbsp;&nbsp;&nbsp;&nbsp;&nbsp;&nbsp;&nbsp;&nbsp;&nbsp;&nbsp;&nbsp;&nbsp;&nbsp;&nbsp;&nbsp;&nbsp;&nbsp;&nbsp;&nbsp;&nbsp;&nbsp;&nbsp;&nbsp;&nbsp;&nbsp;&nbsp;&nbsp;&nbsp;&nbsp;&nbsp;&nbsp;&nbsp;&nbsp;&nbsp;&nbsp;&nbsp;&nbsp;&nbsp;&nbsp;&nbsp;&nbsp;&nbsp;&nbsp;&nbsp;&nbsp;&nbsp;&nbsp;&nbsp;&nbsp;&nbsp;&nbsp;&nbsp;&nbsp;&nbsp;&nbsp;&nbsp;11:50 \u2013 12.25 Uhr<\/p>\n\n\n\n<p>Sprechzeiten des Hausmeisters f\u00fcr Sch\u00fcler:&nbsp;&nbsp;&nbsp;&nbsp;&nbsp;&nbsp;&nbsp;&nbsp;&nbsp;&nbsp;&nbsp;&nbsp;&nbsp;&nbsp;&nbsp;&nbsp; 09:05 \u2013 09:25 Uhr<\/p>\n\n\n\n<p><strong>3.4 &nbsp;&nbsp;&nbsp;&nbsp;&nbsp; <\/strong><\/p>\n\n\n\n<p class=\"has-text-align-left\">Au\u00dferunterrichtliche Veranstaltungen in der Schule w\u00e4hrend der \u00d6ffnungszeiten sind vom verantwortlichen Lehrer in das Veranstaltungsbuch einzutragen. Liegen diese au\u00dferhalb der \u00d6ffnungszeiten, ist das Formular \u201eCheckliste zur Durchf\u00fchrung au\u00dferunterrichtlicher Veranstaltungen\u201c durch den verantwortlichen Lehrer mindestens eine Woche vorher beim Schulleiter einzureichen.<\/p>\n\n\n\n<h2 class=\"wp-block-heading\">4&nbsp;&nbsp;&nbsp;&nbsp;&nbsp; Aufsicht und Verhalten in Pausen und Freistunden<\/h2>\n\n\n\n<p><strong>4.1<\/strong>&nbsp;&nbsp;&nbsp;&nbsp;&nbsp;&nbsp;&nbsp;&nbsp;<\/p>\n\n\n\n<p>Das Schulhaus darf ab 7:00 Uhr betreten werden. Sch\u00fclerinnen und Sch\u00fcler, die versp\u00e4tet erscheinen,<br>nutzen die T\u00fcrklingel und melden sich im Sekretariat an. F\u00fcr Sch\u00fclerinnen und Sch\u00fcler der Klassen 5-10<br>ist ein Verlassen des Schulgel\u00e4ndes vor Unterrichtsende nicht erlaubt. W\u00e4hrend Freistunden ist der<br>Aufenthaltsbereich in der 3. Etage, die daf\u00fcr vorgesehenen R\u00e4ume oder die Kantine zu nutzen.<br>Sollte der Unterricht erst zur zweiten Stunde beginnen, k\u00f6nnen Sch\u00fclerinnen und Sch\u00fcler in der Zeit von<br>7:30 Uhr bis 8:00 Uhr \u00fcber den Mensaeingang die Mensa zum Aufenthalt nutzen. Es besteht in dieser<br>Zeit keine Aufsicht durch die Schule.<\/p>\n\n\n\n<p><strong>4.2<\/strong>&nbsp;&nbsp;&nbsp;&nbsp;&nbsp;&nbsp;&nbsp;&nbsp; <\/p>\n\n\n\n<p class=\"has-text-align-left\">Nach dem Ende der Unterrichtszeit und beim Verlassen des Schulgrundst\u00fcckes&nbsp;erlischt die Aufsichtspflicht der Schule. Sch\u00fcler, die sich nach dem Ende der Unterrichtszeit auf dem&nbsp; Schulgel\u00e4nde und der&nbsp;Sportanlage aufhalten, werden nicht beaufsichtigt.<\/p>\n\n\n\n<p><strong>4.3<\/strong> &nbsp;&nbsp;&nbsp;&nbsp;&nbsp;&nbsp;&nbsp; <\/p>\n\n\n\n<p>In den Fachkabinetten gelten besondere Vorschriften. Diese werden in der ersten Unterrichtsstunde des entsprechenden Fachlehrers bekannt gegeben und sind einzuhalten.<\/p>\n\n\n\n<p><strong>4.3<\/strong>&nbsp;&nbsp;&nbsp;&nbsp;&nbsp;&nbsp;&nbsp;&nbsp; <\/p>\n\n\n\n<p>Vor dem Sportunterricht warten die Sch\u00fcler vor der Turnhalle, bis der Sportlehrer ihnen Einlass gew\u00e4hrt. Bei Hauspause vor der 3. bzw. 6. Stunde warten die Sch\u00fcler im Erdgeschoss auf den Sportlehrer, der sie zum Vorklingeln abholt. Bei Hofpause nach dem Sport legen die Sch\u00fcler ihre Taschen im Kellerregal ab.<\/p>\n\n\n\n<p><strong>4.4<\/strong>&nbsp;&nbsp;&nbsp;&nbsp;&nbsp;&nbsp;&nbsp;&nbsp; <\/p>\n\n\n\n<p>Bei Hofpause halten sich Sch\u00fcler der Klassen 5 \u2013 10, die nicht an der Schulspeisung teilnehmen, auf dem Schulhof auf. Der Fachlehrer der 5.Stunde verschlie\u00dft nach Beendigung des Unterrichts den Unterrichtsraum. Der Zimmerwechsel findet bei Hofpause am Ende und bei Hauspause am Anfang der Pause statt.<\/p>\n\n\n\n<p><strong>4.5<\/strong>&nbsp;&nbsp;&nbsp;&nbsp;&nbsp;&nbsp;&nbsp;&nbsp; <\/p>\n\n\n\n<p>Die festgelegten Speisezeiten sind von allen Sch\u00fclern einzuhalten, um einen geregelten Ablauf zu erm\u00f6glichen.<\/p>\n\n\n\n<p><strong>4.6<\/strong>&nbsp;&nbsp;&nbsp;&nbsp;&nbsp;&nbsp;&nbsp;&nbsp; <\/p>\n\n\n\n<p>Das Ballspielen w\u00e4hrend der Hofpause ist auf den Basketballplatz beschr\u00e4nkt. Es sollte so gespielt werden, dass das Verletzungsrisiko minimiert wird.<\/p>\n\n\n\n<p><\/p>\n\n\n\n<h2 class=\"wp-block-heading\">5 Cannabisverbot<\/h2>\n\n\n\n<p>Im engen schulischen Bereich (Aufenthalt in der Schule sowie Teilnahme an schulischen Veranstaltungen) besteht ein striktes Verbot, Cannabisprodukte, gleich in welcher Menge und Form, mit sich zu f\u00fchren. Dies gilt f\u00fcr alle Personen, die sich im Schulgeb\u00e4ude und auf dem Schulgel\u00e4nde aufhalten bzw. an verbindlichen schulischen Veranstaltungen (\u00a7 26 S\u00e4chsSchulG) teilnehmen.<\/p>\n\n\n\n<h2 class=\"wp-block-heading\">6&nbsp;&nbsp;&nbsp;&nbsp;&nbsp; Ordnung und Sauberkeit<\/h2>\n\n\n\n<p><strong>6.1<\/strong>&nbsp;&nbsp;&nbsp;&nbsp;&nbsp;&nbsp;&nbsp;&nbsp; <\/p>\n\n\n\n<p>Alle 5. \u2013 9. Klassen besitzen ein Klassenzimmer. Die Ausgestaltung soll in Absprache mit dem Klassenleiter geplant und durchgef\u00fchrt werden. Sie soll \u00e4sthetischen Grundanforderungen gen\u00fcgen und motivierend auf das Lernklima wirken. Bei gr\u00f6\u00dferen Ver\u00e4nderungen muss mit der Schulleitung R\u00fccksprache genommen werden.<\/p>\n\n\n\n<p><strong>6.2&nbsp;&nbsp;&nbsp;&nbsp;&nbsp;&nbsp; <\/strong><\/p>\n\n\n\n<p>In jeder Klasse wird ein Ordnungsdienst bestimmt und in das Klassenbuch eingetragen. Er sorgt gemeinsam mit dem unterrichtenden Lehrer daf\u00fcr, dass die R\u00e4ume bei Zimmerwechsel sauber verlassen, die Lampen ausgeschalten und die Fenster geschlossen werden.<\/p>\n\n\n\n<p>Die letzte Klasse stellt zus\u00e4tzlich die St\u00fchle hoch, kehrt den Raum, wischt die Tafel gr\u00fcndlich und bringt den Abfall in die M\u00fcllbeh\u00e4lter der jeweiligen Etage.<\/p>\n\n\n\n<p><strong>6.3<\/strong>&nbsp;&nbsp;&nbsp;&nbsp;&nbsp;&nbsp;&nbsp;&nbsp; <\/p>\n\n\n\n<p>Im Zusammenhang mit der Umwelterziehung wird von allen die M\u00fclltrennung praktiziert.<\/p>\n\n\n\n<p><strong>6.4<\/strong>&nbsp;&nbsp;&nbsp;&nbsp;&nbsp;&nbsp;&nbsp;&nbsp; <\/p>\n\n\n\n<p>Jeder Sch\u00fcler und jeder Lehrer achtet im Schulhaus auf Ordnung und Sauberkeit.<\/p>\n\n\n\n<p><strong>6.5<\/strong>&nbsp;&nbsp;&nbsp;&nbsp;&nbsp;&nbsp;&nbsp;&nbsp; <\/p>\n\n\n\n<p>Schulisches Eigentum muss pfleglich behandelt werden. Bei bewusster Verschmutzung oder Zerst\u00f6rung wird der Verursacher zur Wiederherstellung der Nutzbarkeit herangezogen.<\/p>\n\n\n\n<p><strong>6.6<\/strong>&nbsp;&nbsp;&nbsp;&nbsp;&nbsp;&nbsp;&nbsp;&nbsp; <\/p>\n\n\n\n<p>Alle Sch\u00fcler nutzen die der jeweiligen Klasse bzw. dem Kurs zugeteilten Garderobenschr\u00e4nke. Diese sind stets zu verschlie\u00dfen. Notwendige Wertsachen, Geld und Ausweispapiere d\u00fcrfen nicht in den Garderoben abgelegt werden, da daf\u00fcr keine Haftung \u00fcbernommen wird. Nach Unterrichtsschluss sind alle Sachen zu entnehmen.<\/p>\n\n\n\n<p>Nasse Kleidung darf in den ersten beiden Unterrichtsstunden mit ins Zimmer genommen werden.<\/p>\n\n\n\n<p><strong>6.7<\/strong>&nbsp;&nbsp;&nbsp;&nbsp;&nbsp;&nbsp;&nbsp;&nbsp; <\/p>\n\n\n\n<p>Fundsachen werden beim Hausmeister oder im Sekretariat abgegeben und k\u00f6nnen dort zu den Sprechzeiten erfragt werden. Zum 1. Elternabend und zu den Elternsprechtagen werden die Fundsachen zur Besichtigung ausgestellt und bei Nichtabholung entsorgt.<\/p>\n\n\n\n<p><strong>6.8<\/strong>&nbsp;&nbsp;&nbsp;&nbsp;&nbsp;&nbsp;&nbsp;&nbsp; <\/p>\n\n\n\n<p>Die Reinigung der Tische nach Beendigung der Speisung wird von den Sch\u00fclern \u00fcbernommen. Verschmutzungen, die durch Speisen und Getr\u00e4nke aus der Kantine oder durch mitgebrachtes Essen entstehen, m\u00fcssen selbstverst\u00e4ndlich vom Verursacher mit den in den Vorbereitungsr\u00e4umen bereitgestellten Hilfsmitteln beseitigt werden.<\/p>\n\n\n\n<h2 class=\"wp-block-heading\">7&nbsp;&nbsp;&nbsp;&nbsp;&nbsp; Fernbleiben vom Unterricht<\/h2>\n\n\n\n<p><strong>7.1<\/strong>&nbsp;&nbsp;&nbsp;&nbsp;&nbsp;&nbsp;&nbsp;&nbsp; <\/p>\n\n\n\n<p>Im Klassen- bzw. Kursbuch wird festgehalten, wenn ein Sch\u00fcler zu sp\u00e4t kommt oder fehlt.<\/p>\n\n\n\n<p><strong>7.2<\/strong>&nbsp;&nbsp;&nbsp;&nbsp;&nbsp;&nbsp;&nbsp;&nbsp; <\/p>\n\n\n\n<p>Fehlt ein Sch\u00fcler in der ersten Unterrichtsstunde, meldet der unterrichtende Fachlehrer dies nach der Stunde im Sekretariat.<\/p>\n\n\n\n<p><strong>7.3<\/strong>&nbsp;&nbsp;&nbsp;&nbsp;&nbsp;&nbsp;&nbsp;&nbsp; <\/p>\n\n\n\n<p>Beim Vers\u00e4umen einer oder mehrerer Unterrichtsstunden ist innerhalb von drei Werktagen eine schriftlicheEntschuldigung vom Arzt<strong> <\/strong>oder von den Eltern vorzulegen.<\/p>\n\n\n\n<p><strong>7.4<\/strong>&nbsp;&nbsp;&nbsp;&nbsp;&nbsp;&nbsp;&nbsp;&nbsp; <\/p>\n\n\n\n<p>Im Krankheitsfall muss am jeweiligen Tag bis 7:30 Uhr durch die Erziehungsberechtigten eine Meldung \u00fcber das entsprechende Lernsax-Formular oder eine telefonische Abmeldung im Sekretariat der Schule erfolgen.<\/p>\n\n\n\n<p><strong>7.5<\/strong>&nbsp;&nbsp;&nbsp;&nbsp;&nbsp;&nbsp;&nbsp;&nbsp; <\/p>\n\n\n\n<p>Arztbesuche sind nur in Ausnahmef\u00e4llen in der Unterrichtszeit durchzuf\u00fchren. Geplante Arztbesuche m\u00fcssen den betreffenden Fachlehrern vorher angezeigt werden. Alle planbaren Freistellungen sollen mindestens eine Woche vorher schriftlich durch die Eltern beim Klassenleiter bzw. Tutor beantragt werden. Angek\u00fcndigte Klassenarbeiten bzw. Klausuren verhindern in der Regel eine Freistellung.<\/p>\n\n\n\n<p><strong>7.6<\/strong>&nbsp;&nbsp;&nbsp;&nbsp;&nbsp;&nbsp;&nbsp;&nbsp; <\/p>\n\n\n\n<p>Fernbleiben vom Unterricht ohne Beurlaubung wird als unentschuldigtes Fehlen gewertet und zieht ggf. Ordnungsma\u00dfnahmen nach sich.<\/p>\n\n\n\n<h2 class=\"wp-block-heading\">8&nbsp; &nbsp;&nbsp;&nbsp; Unf\u00e4lle<\/h2>\n\n\n\n<p>Die Sch\u00fcler sind beim Besuch der Schule sowie bei schulischen Veranstaltungen au\u00dferhalb der Schule bei der Unfallkasse Sachsen unfallversichert. Versicherungsschutz besteht ebenfalls bei Wegeunf\u00e4llen. Dabei ist der sicherste, direkteste und verkehrssicherste Schulweg mit einer maximalen Unterbrechung von 2 Stunden zu w\u00e4hlen.<\/p>\n\n\n\n<p>&nbsp;Jeder Schulunfall ist unverz\u00fcglich beim Lehrer und im Sekretariat anzuzeigen. Er wird im Unfallbuch der Schule eingetragen. Wird in Folge eines Unfalls ein Arzt aufgesucht, so erfolgt durch die Schule eine Mitteilung an die Unfallkasse Sachsen. Deshalb muss die Schule innerhalb von 3 Tagen \u00fcber den Arztbesuch informiert werden.<\/p>\n\n\n\n<p>Legt der Sch\u00fcler den Schulweg mit dem Fahrrad zur\u00fcck, so muss sich dieses in einem verkehrssicheren Zustand befinden. Die Belehrung \u00fcber die Verkehrsverh\u00e4ltnisse auf dem Schulweg, die notwendigen Verkehrsregeln und Verkehrszeichen gem\u00e4\u00df Stra\u00dfenverkehrsordnung, das Tragen angemessener Kleidung und Schuhwerk sowie das sichere Transportieren von Lasten erfolgt in Verantwortung der Eltern\/des Nutzers und obliegt nicht der Verantwortung der Schule.<\/p>\n\n\n\n<p class=\"has-text-align-left\">Durch den Schultr\u00e4ger wird kein Haftpflichtdeckungsschutz f\u00fcr Sch\u00fcler \u00fcbernommen. Die Wahrnehmung der F\u00fcrsorge- und Aufsichtspflicht f\u00fcr den Schulweg der minderj\u00e4hrigen Fahrradbenutzer obliegt den Eltern. Bei Besch\u00e4digung oder Diebstahl ist gegen\u00fcber dem Schultr\u00e4ger kein Schadenersatz m\u00f6glich. Die Schadensregulierung kann ausschlie\u00dflich \u00fcber eine private Hausrat-\/Fahrradversicherung erfolgen.<\/p>\n\n\n\n<h2 class=\"wp-block-heading\">9&nbsp;&nbsp;&nbsp;&nbsp;&nbsp; Inkrafttreten<\/h2>\n\n\n\n<p>Mit Beschluss der Schulkonferenz vom 17.09.2025 wird die Hausordnung am 22.09.2025 in Kraft<br>gesetzt.<\/p>\n\n\n\n<p>Dr. Hirsch<\/p>\n\n\n\n<p>Schulleiter<\/p>\n\n\n\n<p><\/p>\n","protected":false},"excerpt":{"rendered":"<p>Hausordnung des Pestalozzi \u2013 Gymnasiums Dresden 1 &nbsp;&nbsp;&nbsp;&nbsp; Grunds\u00e4tze Die Hausordnung dient zur Regulierung des Zusammenlebens von Lehrern, technischen Angestellten und Sch\u00fclern auf der Grundlage Das Hausrecht wird vom Schulleiter ausge\u00fcbt. Verst\u00f6\u00dfe gegen die Hausordnung werden disziplinarisch geahndet (\u00a7 39 Schulgesetz\/Arbeitsrecht). &nbsp; 2 &nbsp;&nbsp;&nbsp;&nbsp; Regeln f\u00fcr das Miteinander 2.1 &nbsp;&nbsp;&nbsp;&nbsp;&nbsp;&nbsp;&nbsp; Disziplin, H\u00f6flichkeit, gegenseitige Achtung und [&hellip;]<\/p>\n","protected":false},"author":1,"featured_media":0,"parent":2,"menu_order":0,"comment_status":"closed","ping_status":"closed","template":"","meta":{"footnotes":""},"class_list":["post-69","page","type-page","status-publish","hentry"],"_links":{"self":[{"href":"https:\/\/pesta.schule\/wordpress\/index.php?rest_route=\/wp\/v2\/pages\/69","targetHints":{"allow":["GET"]}}],"collection":[{"href":"https:\/\/pesta.schule\/wordpress\/index.php?rest_route=\/wp\/v2\/pages"}],"about":[{"href":"https:\/\/pesta.schule\/wordpress\/index.php?rest_route=\/wp\/v2\/types\/page"}],"author":[{"embeddable":true,"href":"https:\/\/pesta.schule\/wordpress\/index.php?rest_route=\/wp\/v2\/users\/1"}],"replies":[{"embeddable":true,"href":"https:\/\/pesta.schule\/wordpress\/index.php?rest_route=%2Fwp%2Fv2%2Fcomments&post=69"}],"version-history":[{"count":18,"href":"https:\/\/pesta.schule\/wordpress\/index.php?rest_route=\/wp\/v2\/pages\/69\/revisions"}],"predecessor-version":[{"id":1047,"href":"https:\/\/pesta.schule\/wordpress\/index.php?rest_route=\/wp\/v2\/pages\/69\/revisions\/1047"}],"up":[{"embeddable":true,"href":"https:\/\/pesta.schule\/wordpress\/index.php?rest_route=\/wp\/v2\/pages\/2"}],"wp:attachment":[{"href":"https:\/\/pesta.schule\/wordpress\/index.php?rest_route=%2Fwp%2Fv2%2Fmedia&parent=69"}],"curies":[{"name":"wp","href":"https:\/\/api.w.org\/{rel}","templated":true}]}}