{"id":379,"date":"2023-03-08T11:36:42","date_gmt":"2023-03-08T10:36:42","guid":{"rendered":"https:\/\/pesta.schule\/wordpress\/?page_id=379"},"modified":"2026-01-05T18:09:47","modified_gmt":"2026-01-05T17:09:47","slug":"schulorganisation","status":"publish","type":"page","link":"https:\/\/pesta.schule\/wordpress\/?page_id=379","title":{"rendered":"Ansprechpartner"},"content":{"rendered":"\n<figure class=\"wp-block-table is-style-stripes has-small-font-size\"><table><tbody><tr><td><strong>Schulleitung<\/strong><\/td><td>Schulleiterin<\/td><td><a href=\"mailto:maria.hirsch@pgd.lernsax.de\">Frau Dr. Hirsch<\/a><\/td><\/tr><tr><td><\/td><td>stellv. Schulleiter<\/td><td><a href=\"mailto:tommy.durda@pgd.lernsax.de\" data-type=\"mailto\" data-id=\"mailto:tommy.durda@pgd.lernsax.de\">Herr Durda<\/a><\/td><\/tr><tr><td><\/td><td>Oberstufenberaterin<\/td><td><a href=\"mailto:julia.schopf@pgd.lernsax.de\" data-type=\"mailto\" data-id=\"mailto:julia.schopf@pgd.lernsax.de\">Frau Schopf<\/a><\/td><\/tr><tr><td><\/td><td>Fachleiter \/ in<\/td><td><a href=\"mailto:anne.hentschel@pgd.lernsax.de\" data-type=\"mailto\" data-id=\"mailto:anne.hentschel@pgd.lernsax.de\">Frau Hentschel<\/a> (mathematisch-technisch-naturwissenschaftlicher Bereich)<br><a href=\"mailto:jochen.deutsch@pgd.lernsax.de\">Herr Deutsch<\/a> (sprachlicher und k\u00fcnstlerischer Bereich)<br><a href=\"mailto:david.weiss@pgd.lernsax.de\" data-type=\"mailto\" data-id=\"mailto:david.weiss@pgd.lernsax.de\">Herr Wei\u00df<\/a> (gesellschaftswissenschaftlicher Bereich)<\/td><\/tr><tr><td><strong>Sekretariat<\/strong><\/td><td>Mitarbeiterinnen<\/td><td>Frau Mergner-M\u00fcller<br>Frau M\u00fcller<\/td><\/tr><tr><td><\/td><td>Tel.: <\/td><td>0351\/894130<\/td><\/tr><tr><td><\/td><td>EMail:<\/td><td><a href=\"mailto:sekretariat@pgd.lernsax.de\" data-type=\"mailto\" data-id=\"mailto:sekretariat@pgd.lernsax.de\">sekretariat@pgd.lernsax.de<\/a><\/td><\/tr><tr><td><strong>Beratung<\/strong><\/td><td>Beratungslehrerinnen<\/td><td><a href=\"mailto:simone.schmidt@pgd.lernsax.de\" data-type=\"mailto\" data-id=\"mailto:simone.schmidt@pgd.lernsax.de\">Frau S. Schmidt<\/a><br><a href=\"mailto:yvonne.saupe@pgd.lernsax.de\" data-type=\"mailto\" data-id=\"mailto:yvonne.saupe@pgd.lernsax.de\">Frau Saupe<\/a><\/td><\/tr><tr><td><\/td><td>Inklusionsverantwortliche<\/td><td><a href=\"mailto:anett.kersten@pgd.lernsax.de\" data-type=\"mailto\" data-id=\"mailto:anett.kersten@pgd.lernsax.de\">Frau Kersten<\/a><\/td><\/tr><tr><td><\/td><td>LRS<\/td><td><a href=\"mailto:nicole.engelmann@pgd.lernsax.de\" data-type=\"mailto\" data-id=\"mailto:nicole.engelmann@pgd.lernsax.de\">Frau Engelmann<\/a><\/td><\/tr><tr><td><\/td><td>P\u00e4dagogischer IT-Koordinator<\/td><td><a href=\"mailto:ulf.engelmann@pgd.lernsax.de\" data-type=\"mailto\" data-id=\"mailto:ulf.engelmann@pgd.lernsax.de\">Herr Engelmann<\/a><\/td><\/tr><tr><td><\/td><td>Digitales Notenbuch, Klassenbuch<\/td><td><a href=\"mailto:beste.Schule@pgd.lernsax.de\">Herr Groth, Herr Schwarzer<\/a> <\/td><\/tr><tr><td><strong>Vertrauenslehrer<\/strong>\/-in<\/td><td><\/td><td><a href=\"mailto:jonas.loidold@pgd.lernsax.de\">Herr Loidold<\/a><br><a href=\"mailto:annegret.krahmer@pgd.lernsax.de\" data-type=\"mailto\" data-id=\"mailto:annegret.krahmer@pgd.lernsax.de\">Frau Krahmer<\/a><\/td><\/tr><tr><td><strong>Elternsprecherin<\/strong><\/td><td><\/td><td><a href=\"mailto:ev8.1@pgd.lernsax.de\" data-type=\"mailto\" data-id=\"mailto:ev8.1@pgd.lernsax.de\">Frau K\u00f6sser<\/a><\/td><\/tr><tr><td><strong>Hausmeister<\/strong><\/td><td><\/td><td><a href=\"mailto:hausmeister@pgd.lernsax.de\">Herr Rulff<\/a><br><a href=\"mailto:hausmeister@pgd.lernsax.de\">Herr Lacina<\/a><\/td><\/tr><tr><td><strong>Besondere Aufgaben<\/strong><\/td><td>GTA &#8211; Verantwortliche<\/td><td><a href=\"mailto:gabriela.apitz@pgd.lernsax.de\" data-type=\"mailto\" data-id=\"mailto:gabriela.apitz@pgd.lernsax.de\">Frau Apitz<\/a><\/td><\/tr><tr><td><\/td><td>Koordination 9,10, Betriebspraktikum<\/td><td><a href=\"mailto:stefanie.klusinsky@pgd.lernsax.de\" data-type=\"mailto\" data-id=\"mailto:stefanie.klusinsky@pgd.lernsax.de\">Frau Klusinsky<\/a><\/td><\/tr><tr><td><\/td><td>Lernsax<\/td><td><a href=\"mailto:tommy.durda@pgd.lernsax.de\" data-type=\"mailto\" data-id=\"mailto:tommy.durda@pgd.lernsax.de\">Herr Durda<\/a><\/td><\/tr><tr><td><\/td><td>Schulkultur, Schulfest<\/td><td><a href=\"mailto:andrea.kollmann@pgd.lernsax.de\" data-type=\"mailto\" data-id=\"mailto:andrea.kollmann@pgd.lernsax.de\">Frau Kollmann<\/a><\/td><\/tr><\/tbody><\/table><\/figure>\n\n\n\n<h2 class=\"wp-block-heading\">Organigramm<\/h2>\n\n\n\n<figure data-wp-context=\"{&quot;imageId&quot;:&quot;6a074c4725b3f&quot;}\" data-wp-interactive=\"core\/image\" data-wp-key=\"6a074c4725b3f\" class=\"wp-block-image size-large wp-lightbox-container\"><img loading=\"lazy\" decoding=\"async\" width=\"1024\" height=\"724\" data-wp-class--hide=\"state.isContentHidden\" data-wp-class--show=\"state.isContentVisible\" data-wp-init=\"callbacks.setButtonStyles\" data-wp-on--click=\"actions.showLightbox\" data-wp-on--load=\"callbacks.setButtonStyles\" data-wp-on-window--resize=\"callbacks.setButtonStyles\" src=\"https:\/\/pesta.schule\/wordpress\/wp-content\/uploads\/2025\/08\/2526_Organigramm2-1024x724.jpg\" alt=\"\" class=\"wp-image-1027\" srcset=\"https:\/\/pesta.schule\/wordpress\/wp-content\/uploads\/2025\/08\/2526_Organigramm2-1024x724.jpg 1024w, https:\/\/pesta.schule\/wordpress\/wp-content\/uploads\/2025\/08\/2526_Organigramm2-300x212.jpg 300w, https:\/\/pesta.schule\/wordpress\/wp-content\/uploads\/2025\/08\/2526_Organigramm2-768x543.jpg 768w, https:\/\/pesta.schule\/wordpress\/wp-content\/uploads\/2025\/08\/2526_Organigramm2-1536x1086.jpg 1536w, https:\/\/pesta.schule\/wordpress\/wp-content\/uploads\/2025\/08\/2526_Organigramm2-2048x1448.jpg 2048w\" sizes=\"auto, (max-width: 1024px) 100vw, 1024px\" \/><button\n\t\t\tclass=\"lightbox-trigger\"\n\t\t\ttype=\"button\"\n\t\t\taria-haspopup=\"dialog\"\n\t\t\taria-label=\"Vergr\u00f6\u00dfern\"\n\t\t\tdata-wp-init=\"callbacks.initTriggerButton\"\n\t\t\tdata-wp-on--click=\"actions.showLightbox\"\n\t\t\tdata-wp-style--right=\"state.imageButtonRight\"\n\t\t\tdata-wp-style--top=\"state.imageButtonTop\"\n\t\t>\n\t\t\t<svg xmlns=\"http:\/\/www.w3.org\/2000\/svg\" width=\"12\" height=\"12\" fill=\"none\" viewBox=\"0 0 12 12\">\n\t\t\t\t<path fill=\"#fff\" d=\"M2 0a2 2 0 0 0-2 2v2h1.5V2a.5.5 0 0 1 .5-.5h2V0H2Zm2 10.5H2a.5.5 0 0 1-.5-.5V8H0v2a2 2 0 0 0 2 2h2v-1.5ZM8 12v-1.5h2a.5.5 0 0 0 .5-.5V8H12v2a2 2 0 0 1-2 2H8Zm2-12a2 2 0 0 1 2 2v2h-1.5V2a.5.5 0 0 0-.5-.5H8V0h2Z\" \/>\n\t\t\t<\/svg>\n\t\t<\/button><\/figure>\n","protected":false},"excerpt":{"rendered":"<p>Schulleitung Schulleiterin Frau Dr. Hirsch stellv. Schulleiter Herr Durda Oberstufenberaterin Frau Schopf Fachleiter \/ in Frau Hentschel (mathematisch-technisch-naturwissenschaftlicher Bereich)Herr Deutsch (sprachlicher und k\u00fcnstlerischer Bereich)Herr Wei\u00df (gesellschaftswissenschaftlicher Bereich) Sekretariat Mitarbeiterinnen Frau Mergner-M\u00fcllerFrau M\u00fcller Tel.: 0351\/894130 EMail: sekretariat@pgd.lernsax.de Beratung Beratungslehrerinnen Frau S. SchmidtFrau Saupe Inklusionsverantwortliche Frau Kersten LRS Frau Engelmann P\u00e4dagogischer IT-Koordinator Herr Engelmann Digitales Notenbuch, Klassenbuch [&hellip;]<\/p>\n","protected":false},"author":1,"featured_media":380,"parent":2,"menu_order":0,"comment_status":"closed","ping_status":"closed","template":"","meta":{"footnotes":""},"class_list":["post-379","page","type-page","status-publish","has-post-thumbnail","hentry"],"_links":{"self":[{"href":"https:\/\/pesta.schule\/wordpress\/index.php?rest_route=\/wp\/v2\/pages\/379","targetHints":{"allow":["GET"]}}],"collection":[{"href":"https:\/\/pesta.schule\/wordpress\/index.php?rest_route=\/wp\/v2\/pages"}],"about":[{"href":"https:\/\/pesta.schule\/wordpress\/index.php?rest_route=\/wp\/v2\/types\/page"}],"author":[{"embeddable":true,"href":"https:\/\/pesta.schule\/wordpress\/index.php?rest_route=\/wp\/v2\/users\/1"}],"replies":[{"embeddable":true,"href":"https:\/\/pesta.schule\/wordpress\/index.php?rest_route=%2Fwp%2Fv2%2Fcomments&post=379"}],"version-history":[{"count":32,"href":"https:\/\/pesta.schule\/wordpress\/index.php?rest_route=\/wp\/v2\/pages\/379\/revisions"}],"predecessor-version":[{"id":1141,"href":"https:\/\/pesta.schule\/wordpress\/index.php?rest_route=\/wp\/v2\/pages\/379\/revisions\/1141"}],"up":[{"embeddable":true,"href":"https:\/\/pesta.schule\/wordpress\/index.php?rest_route=\/wp\/v2\/pages\/2"}],"wp:featuredmedia":[{"embeddable":true,"href":"https:\/\/pesta.schule\/wordpress\/index.php?rest_route=\/wp\/v2\/media\/380"}],"wp:attachment":[{"href":"https:\/\/pesta.schule\/wordpress\/index.php?rest_route=%2Fwp%2Fv2%2Fmedia&parent=379"}],"curies":[{"name":"wp","href":"https:\/\/api.w.org\/{rel}","templated":true}]}}