{"id":180,"date":"2022-12-12T14:48:59","date_gmt":"2022-12-12T13:48:59","guid":{"rendered":"https:\/\/pesta.schule\/wordpress\/?page_id=180"},"modified":"2022-12-12T14:50:01","modified_gmt":"2022-12-12T13:50:01","slug":"schuelerfirma-pimp-my-brain","status":"publish","type":"page","link":"https:\/\/pesta.schule\/wordpress\/?page_id=180","title":{"rendered":"Sch\u00fclerfirma &#8211; Pimp My Brain"},"content":{"rendered":"\n<p>Liebe Eltern, liebe Sch\u00fclerInnen,<\/p>\n\n\n\n<p>wir als Sch\u00fclerfirma Pimp My Brain (PMB) \u2013 Pesta mit Bravour! m\u00f6chten gerne auf uns und unsere Arbeit aufmerksam machen.<\/p>\n\n\n\n<p>Die Pimp My Brain S-GmbH ist die erste Sch\u00fclerfirma des Pestalozzi-Gymnasiums Dresden und wurde 2007 unter dem Motto \u201cSch\u00fclerInnen helfen Sch\u00fclerInnen\u201d gegr\u00fcndet.<br>In diesem p\u00e4dagogischen Projekt k\u00f6nnen die Sch\u00fclerInnen ihr im Fachunterricht erworbenes Wissen praktisch in realit\u00e4tsnahen, wirtschaftlichen Zusammenh\u00e4ngen anwenden. Die Sch\u00fclerInnen lernen sich selbst zu organisieren und wie man mit einem guten Teamgeist alles erreichen kann. Jede\/r Sch\u00fclerIn soll dar\u00fcber hinaus Schl\u00fcsselkompetenzen wie Eigeninitiative, Verantwortungsbereitschaft und Teamf\u00e4higkeit erlernen.<br>Die Sch\u00fclerfirma ist f\u00fcr das Erstellen des j\u00e4hrlichen Schulplaners sowie Schul-T-Shirts, die Betreuung der PMB-Homepage und die PMB-Nachhilfe zust\u00e4ndig. Bei dieser Nachhilfe werden Sch\u00fclerInnen von Sch\u00fclerInnen unterrichtet, um den Unterrichtsstoff noch einmal anders, aus \u201eSch\u00fclersicht\u201c zu erkl\u00e4ren.<br>Wir suchen immer neue engagierte Sch\u00fclerInnen als PMB-NachhilfelehrerIn oder MitarbeiterIn der Sch\u00fclerfirma. Nat\u00fcrlich sind Sch\u00fclerInnen, die Nachhilfe in einem Fach m\u00f6chten, auch herzlich willkommen. Schaut gerne mal auf unserer unten verlinkten Homepage vorbei, da gibt es jede Menge Infos. Bei Fragen, meldet euch einfach bei uns. Anmeldeformulare f\u00fcr die Nachhilfe sind auch auf unserer Homepagezu finden.<br>Wir freuen uns auf euch!<\/p>\n\n\n\n<p>Kontakt:<br>im B\u00fcro im Keller<br>per E-Mail: pmb-pesta@gmx.net<br>per Internet:\u00a0<a rel=\"noreferrer noopener\" href=\"http:\/\/www.pmbpesta.wordpress.com\/\" target=\"_blank\">www.pmbpesta.wordpress.com<\/a><\/p>\n\n\n\n<p>Euer PMB-Team \ud83d\ude09<\/p>\n","protected":false},"excerpt":{"rendered":"<p>Liebe Eltern, liebe Sch\u00fclerInnen, wir als Sch\u00fclerfirma Pimp My Brain (PMB) \u2013 Pesta mit Bravour! m\u00f6chten gerne auf uns und unsere Arbeit aufmerksam machen. Die Pimp My Brain S-GmbH ist die erste Sch\u00fclerfirma des Pestalozzi-Gymnasiums Dresden und wurde 2007 unter dem Motto \u201cSch\u00fclerInnen helfen Sch\u00fclerInnen\u201d gegr\u00fcndet.In diesem p\u00e4dagogischen Projekt k\u00f6nnen die Sch\u00fclerInnen ihr im Fachunterricht [&hellip;]<\/p>\n","protected":false},"author":1,"featured_media":0,"parent":42,"menu_order":1,"comment_status":"closed","ping_status":"closed","template":"","meta":{"footnotes":""},"class_list":["post-180","page","type-page","status-publish","hentry"],"_links":{"self":[{"href":"https:\/\/pesta.schule\/wordpress\/index.php?rest_route=\/wp\/v2\/pages\/180","targetHints":{"allow":["GET"]}}],"collection":[{"href":"https:\/\/pesta.schule\/wordpress\/index.php?rest_route=\/wp\/v2\/pages"}],"about":[{"href":"https:\/\/pesta.schule\/wordpress\/index.php?rest_route=\/wp\/v2\/types\/page"}],"author":[{"embeddable":true,"href":"https:\/\/pesta.schule\/wordpress\/index.php?rest_route=\/wp\/v2\/users\/1"}],"replies":[{"embeddable":true,"href":"https:\/\/pesta.schule\/wordpress\/index.php?rest_route=%2Fwp%2Fv2%2Fcomments&post=180"}],"version-history":[{"count":2,"href":"https:\/\/pesta.schule\/wordpress\/index.php?rest_route=\/wp\/v2\/pages\/180\/revisions"}],"predecessor-version":[{"id":184,"href":"https:\/\/pesta.schule\/wordpress\/index.php?rest_route=\/wp\/v2\/pages\/180\/revisions\/184"}],"up":[{"embeddable":true,"href":"https:\/\/pesta.schule\/wordpress\/index.php?rest_route=\/wp\/v2\/pages\/42"}],"wp:attachment":[{"href":"https:\/\/pesta.schule\/wordpress\/index.php?rest_route=%2Fwp%2Fv2%2Fmedia&parent=180"}],"curies":[{"name":"wp","href":"https:\/\/api.w.org\/{rel}","templated":true}]}}