{"id":178,"date":"2022-12-12T14:48:12","date_gmt":"2022-12-12T13:48:12","guid":{"rendered":"https:\/\/pesta.schule\/wordpress\/?page_id=178"},"modified":"2026-01-23T09:38:40","modified_gmt":"2026-01-23T08:38:40","slug":"kinderuni","status":"publish","type":"page","link":"https:\/\/pesta.schule\/wordpress\/?page_id=178","title":{"rendered":"Tag der Wissenschaften &#8211; Kinderuni im Schuljahr 2025\/26"},"content":{"rendered":"\n<p>Liebe Grundsch\u00fcler und Grundsch\u00fclerinnen, <br>liebe Eltern,<\/p>\n\n\n\n<p>unsere Kinderuni wird dieses Jahr in einem anderen Gewand erscheinen.<\/p>\n\n\n\n<p>Wir m\u00f6chten auch alle ganz herzlich zu unserem Nachmittag der Wissenschaften einladen. Ihr k\u00f6nnt viele spannende Themen besuchen und schon einmal die Schule und vielleicht eure zuk\u00fcnftigen Lehrer kennenlernen. Eure Eltern k\u00f6nnen sich w\u00e4hrend der Zeit unser Schulhaus anschauen und der Schulleitung in L\u00f6cher in den Bauch fragen.<\/p>\n\n\n\n<p><\/p>\n\n\n\n<h3 class=\"wp-block-heading\">Termin<\/h3>\n\n\n\n<p>Unser diesj\u00e4hriger Tag der Wissenschaft findet am <strong>24.03.2026<\/strong> zwischen 15.30 Uhr und 16.45 statt.<\/p>\n\n\n\n<p> <\/p>\n\n\n\n<h3 class=\"wp-block-heading\">Unsere Themen in diesem Schuljahr<\/h3>\n\n\n\n<ul class=\"wp-block-list\">\n<li>Labor Abenteuer: von Raketen und magischen Farben<\/li>\n\n\n\n<li>Themen aus der Physik <\/li>\n\n\n\n<li>Gemeinschaftskunde \/ Recht \/ Wirtschaft<\/li>\n\n\n\n<li>Geografie: Reise um die Welt<\/li>\n\n\n\n<li>Biologie: Die Reise des Gummib\u00e4rchens<\/li>\n\n\n\n<li>Zauberhafte Mathematik<\/li>\n<\/ul>\n\n\n\n<h3 class=\"wp-block-heading\">Anmeldung<\/h3>\n\n\n\n<p>Sie k\u00f6nnen sich <a href=\"https:\/\/www.supersaas.de\/schedule\/PestaDD\/Nachmittag_der_Wissenschaft\" data-type=\"link\" data-id=\"https:\/\/www.supersaas.de\/schedule\/PestaDD\/Nachmittag_der_Wissenschaft\">hier <\/a>anmelden.<br>Bitte w\u00e4hlen Sie maximal 2 verschiedene Themen in 2 Zeitschienen.<\/p>\n\n\n\n<p><\/p>\n\n\n\n<p><\/p>\n\n\n\n<p><\/p>\n\n\n\n<p><\/p>\n","protected":false},"excerpt":{"rendered":"<p>Liebe Grundsch\u00fcler und Grundsch\u00fclerinnen, liebe Eltern, unsere Kinderuni wird dieses Jahr in einem anderen Gewand erscheinen. Wir m\u00f6chten auch alle ganz herzlich zu unserem Nachmittag der Wissenschaften einladen. Ihr k\u00f6nnt viele spannende Themen besuchen und schon einmal die Schule und vielleicht eure zuk\u00fcnftigen Lehrer kennenlernen. Eure Eltern k\u00f6nnen sich w\u00e4hrend der Zeit unser Schulhaus anschauen [&hellip;]<\/p>\n","protected":false},"author":1,"featured_media":0,"parent":42,"menu_order":0,"comment_status":"closed","ping_status":"closed","template":"","meta":{"footnotes":""},"class_list":["post-178","page","type-page","status-publish","hentry"],"_links":{"self":[{"href":"https:\/\/pesta.schule\/wordpress\/index.php?rest_route=\/wp\/v2\/pages\/178","targetHints":{"allow":["GET"]}}],"collection":[{"href":"https:\/\/pesta.schule\/wordpress\/index.php?rest_route=\/wp\/v2\/pages"}],"about":[{"href":"https:\/\/pesta.schule\/wordpress\/index.php?rest_route=\/wp\/v2\/types\/page"}],"author":[{"embeddable":true,"href":"https:\/\/pesta.schule\/wordpress\/index.php?rest_route=\/wp\/v2\/users\/1"}],"replies":[{"embeddable":true,"href":"https:\/\/pesta.schule\/wordpress\/index.php?rest_route=%2Fwp%2Fv2%2Fcomments&post=178"}],"version-history":[{"count":18,"href":"https:\/\/pesta.schule\/wordpress\/index.php?rest_route=\/wp\/v2\/pages\/178\/revisions"}],"predecessor-version":[{"id":1166,"href":"https:\/\/pesta.schule\/wordpress\/index.php?rest_route=\/wp\/v2\/pages\/178\/revisions\/1166"}],"up":[{"embeddable":true,"href":"https:\/\/pesta.schule\/wordpress\/index.php?rest_route=\/wp\/v2\/pages\/42"}],"wp:attachment":[{"href":"https:\/\/pesta.schule\/wordpress\/index.php?rest_route=%2Fwp%2Fv2%2Fmedia&parent=178"}],"curies":[{"name":"wp","href":"https:\/\/api.w.org\/{rel}","templated":true}]}}