{"id":1119,"date":"2025-12-20T09:43:01","date_gmt":"2025-12-20T08:43:01","guid":{"rendered":"https:\/\/pesta.schule\/wordpress\/?page_id=1119"},"modified":"2026-01-20T17:59:18","modified_gmt":"2026-01-20T16:59:18","slug":"%f0%9f%93%8c-anmeldung-am-pestalozzi-gymnasium","status":"publish","type":"page","link":"https:\/\/pesta.schule\/wordpress\/?page_id=1119","title":{"rendered":"\ud83d\udccc Anmeldung am Pestalozzi Gymnasium"},"content":{"rendered":"\n<p>Hinweis: <strong>Unser Tag der offenen T\u00fcr im Schuljahr 2025\/26 findet am 23.01.2026 in der Zeit von 16.00 &#8211; 19.00 Uhr statt.<\/strong><\/p>\n\n\n\n<p><\/p>\n\n\n\n<h2 class=\"wp-block-heading\">Anmeldung f\u00fcr das Schuljahr 2026\/27<\/h2>\n\n\n\n<p>Sehr geehrte Eltern, liebe Viertkl\u00e4sslerinnen und Viertkl\u00e4ssler,<\/p>\n\n\n\n<p>wir freuen uns sehr \u00fcber Ihr und euer Interesse an unserer Schule.<br>Die Anmeldung f\u00fcr Sch\u00fcler der zuk\u00fcnftigen 5. Klassen ist im Zeitraum vom <strong>06.02.2026 &#8211; 27.02.2026 <\/strong>m\u00f6glich.<\/p>\n\n\n\n<p>Entweder lassen Sie uns Ihre kompletten Unterlagen <strong>postalisch <\/strong>zukommen oder Sie melden Ihr Kind <strong>pers\u00f6nlich <\/strong>im Pestalozzi-Gymnasium Dresden im Zimmer 313 zu den folgenden Zeiten an:<\/p>\n\n\n\n<figure class=\"wp-block-table is-style-stripes\"><table><tbody><tr><td>Freitag<\/td><td>06.02.2026<\/td><td>14.00 bis 18.00 Uhr<\/td><\/tr><tr><td>Dienstag<\/td><td>10.02.2026<\/td><td>09.00 bis 12.00 Uhr<\/td><\/tr><tr><td>Dienstag<\/td><td>17.02.2026<\/td><td>09.00 bis 12.00 Uhr<\/td><\/tr><tr><td>Donnerstag<\/td><td>19.02.2026<\/td><td>12.00 bis 16.00 Uhr<\/td><\/tr><\/tbody><\/table><\/figure>\n\n\n\n<p>In der Woche vom <strong>23.02.26 &#8211; 27.02.26<\/strong> k\u00f6nnen Sie die Unterlagen jederzeit pers\u00f6nlich im Sekretariat in der Zeit zwischen 08.00 Uhr und 14.30 Uhr abgeben.<\/p>\n\n\n\n<p><\/p>\n\n\n\n<h3 class=\"wp-block-heading\">Notwendige Unterlagen<\/h3>\n\n\n\n<p>Zur Anmeldung Ihres Kindes ben\u00f6tigen wir die folgenden Unterlagen:<\/p>\n\n\n\n<p><\/p>\n\n\n\n<ul class=\"wp-block-list\">\n<li>Bildungsempfehlung im Original<\/li>\n\n\n\n<li>Anmeldeformular (<a href=\"https:\/\/pesta.schule\/wordpress\/wp-content\/uploads\/2025\/12\/Schueleranmeldung-Formular.pdf\" data-type=\"attachment\" data-id=\"1125\">Link<\/a>) &#8211; von allen Sorgeberechtigten unterschrieben<\/li>\n\n\n\n<li>Kopie der Halbjahresinformation Klasse 4<\/li>\n\n\n\n<li>Kopie des letzten Jahreszeugnisses, sofern auf der Halbjahresinformation nicht alle Noten erteilt wurden<\/li>\n\n\n\n<li>Kopie der Geburtsurkunde<\/li>\n\n\n\n<li>nur bei alleinigem Sorgerecht: Kopie des Sorgerechtsnachweises  <\/li>\n<\/ul>\n\n\n\n<p>Bei der pers\u00f6nlichen Anmeldung durch die Eltern ist das Kind dazu herzlich eingeladen. <\/p>\n\n\n\n<p><\/p>\n\n\n\n<h3 class=\"wp-block-heading\">Auswahlverfahren\/Losverfahren<\/h3>\n\n\n\n<p>Ein Auswahlverfahren wird nur durchgef\u00fchrt, wenn die Anzahl der Anmeldungen die Anzahl der verf\u00fcgbaren Pl\u00e4tze am Pestalozzi-Gymnasium Dresden \u00fcbersteigt. <\/p>\n\n\n\n<p><strong>Kriterien:<\/strong><\/p>\n\n\n\n<p><\/p>\n\n\n\n<ul class=\"wp-block-list\">\n<li>Alle Kinder, deren Geschwister im Schuljahr 2025\/26 das Pestalozzi-Gymnasium Dresden besuchen, haben einen Schulplatz sicher und nehmen nicht am Losverfahren teil.<\/li>\n\n\n\n<li>Alle \u00fcbrigen Schulpl\u00e4tze werden durch ein Losverfahren unter Beteiligung des Elternrates vergeben. <\/li>\n<\/ul>\n\n\n\n<p>Weitere Informationen zum Aufnahmeverfahren finden Sie in folgendem <a href=\"https:\/\/pesta.schule\/wordpress\/wp-content\/uploads\/2026\/01\/Informationsschreiben-zum-Aufnahmeverfahren-2026-27-Homepage.pdf\" data-type=\"link\" data-id=\"https:\/\/pesta.schule\/wordpress\/wp-content\/uploads\/2026\/01\/Informationsschreiben-zum-Aufnahmeverfahren-2026-27-Homepage.pdf\">Dokument<\/a>.<\/p>\n\n\n\n<p><\/p>\n","protected":false},"excerpt":{"rendered":"<p>Hinweis: Unser Tag der offenen T\u00fcr im Schuljahr 2025\/26 findet am 23.01.2026 in der Zeit von 16.00 &#8211; 19.00 Uhr statt. Anmeldung f\u00fcr das Schuljahr 2026\/27 Sehr geehrte Eltern, liebe Viertkl\u00e4sslerinnen und Viertkl\u00e4ssler, wir freuen uns sehr \u00fcber Ihr und euer Interesse an unserer Schule.Die Anmeldung f\u00fcr Sch\u00fcler der zuk\u00fcnftigen 5. Klassen ist im Zeitraum [&hellip;]<\/p>\n","protected":false},"author":1,"featured_media":0,"parent":0,"menu_order":0,"comment_status":"closed","ping_status":"closed","template":"","meta":{"footnotes":""},"class_list":["post-1119","page","type-page","status-publish","hentry"],"_links":{"self":[{"href":"https:\/\/pesta.schule\/wordpress\/index.php?rest_route=\/wp\/v2\/pages\/1119","targetHints":{"allow":["GET"]}}],"collection":[{"href":"https:\/\/pesta.schule\/wordpress\/index.php?rest_route=\/wp\/v2\/pages"}],"about":[{"href":"https:\/\/pesta.schule\/wordpress\/index.php?rest_route=\/wp\/v2\/types\/page"}],"author":[{"embeddable":true,"href":"https:\/\/pesta.schule\/wordpress\/index.php?rest_route=\/wp\/v2\/users\/1"}],"replies":[{"embeddable":true,"href":"https:\/\/pesta.schule\/wordpress\/index.php?rest_route=%2Fwp%2Fv2%2Fcomments&post=1119"}],"version-history":[{"count":4,"href":"https:\/\/pesta.schule\/wordpress\/index.php?rest_route=\/wp\/v2\/pages\/1119\/revisions"}],"predecessor-version":[{"id":1158,"href":"https:\/\/pesta.schule\/wordpress\/index.php?rest_route=\/wp\/v2\/pages\/1119\/revisions\/1158"}],"wp:attachment":[{"href":"https:\/\/pesta.schule\/wordpress\/index.php?rest_route=%2Fwp%2Fv2%2Fmedia&parent=1119"}],"curies":[{"name":"wp","href":"https:\/\/api.w.org\/{rel}","templated":true}]}}