{"id":100,"date":"2022-12-09T19:15:41","date_gmt":"2022-12-09T18:15:41","guid":{"rendered":"https:\/\/pesta.schule\/wordpress\/?page_id=100"},"modified":"2023-03-08T13:26:19","modified_gmt":"2023-03-08T12:26:19","slug":"personelle-informationen","status":"publish","type":"page","link":"https:\/\/pesta.schule\/wordpress\/?page_id=100","title":{"rendered":"Schulportrait"},"content":{"rendered":"\n<h3 class=\"wp-block-heading\">Was erwartet Sie am Pestalozzi-Gymnasium<\/h3>\n\n\n\n<p id=\"_uQb1pQF4Aywu5M\">In <strong><em>famili\u00e4rer<\/em><\/strong> Atmosph\u00e4re lernen bei uns rund <strong><em>730<\/em><\/strong> <strong><em>Sch\u00fcler<\/em><\/strong> begleitet von ca. <strong>55<\/strong> <strong><em>Lehrern<\/em><\/strong> und Referendaren. Im Vordergrund stehen f\u00fcr uns ein <strong><em>vertrautes Lehrer-Sch\u00fcler-Verh\u00e4ltnis <\/em><\/strong>und<strong><em> stabile Klassengemeinschaften<\/em><\/strong>. Um dies zu erreichen, bieten wir zahlreiche <strong><em>Kennenlern- und Willkommensangebote<\/em><\/strong> an, setzen auf <strong><em>Fachlehrerkontinuit\u00e4t<\/em><\/strong> und ein vielseitiges Schulleben au\u00dferhalb des Klassenzimmers. Dazu geh\u00f6rt unser abwechslungsreiches <strong><em>Ganztagsangebot<\/em><\/strong> am Nachmittag &#8211; vor allem aber unser <strong><em>Schullandheim<\/em><\/strong> auf der Insel <strong><em>R\u00fcgen<\/em><\/strong>. Mit Stolz k\u00f6nnen wir sagen, dass das Pestalozzi-Gymnasium Dresden als einzige staatliche Schule Sachsens \u00fcber ein eigenes Schullandheim verf\u00fcgt &#8211; und das ist nicht irgendwo, sondern direkt am <strong><em>Ostseestrand<\/em><\/strong> fernab von Stra\u00dfenl\u00e4rm und Alltagsstress. &nbsp;<\/p>\n\n\n\n<p id=\"_ghZwkdshY0OnNS\">Aktionstage wie <strong><em>Genialsozial<\/em><\/strong> oder der in unserem Haus traditionelle <strong><em>Toleranztag<\/em><\/strong> lassen unsere Sch\u00fcler \u00fcber den eigenen Tellerrand hinausschauen. Gemeinsam engagieren sie sich mit ihren Lehrern im Rahmen von sozialen Projekten, Diskussionsrunden und Workshops.<\/p>\n\n\n\n<p id=\"_kT1gT5yuY4o6cQ\">Das Pestalozzi-Gymnasium Dresden blickt auf eine \u00fcber <strong><em>einhundertj\u00e4hrige<\/em><\/strong> Schulgeschichte zur\u00fcck.&nbsp;In \u00fcber 30 Jahren Erfahrung mit dem s\u00e4chsischen Abitur konnten wir so \u00fcber <strong><em>3000 Absolventen<\/em><\/strong> erfolgreich zur allgemeinen Hochschulreife f\u00fchren. Das altehrw\u00fcrdige Erlweingeb\u00e4ude wurde in den vergangenen Jahren durch <strong><em>modernisierte<\/em><\/strong> <strong><em>Fachr\u00e4ume<\/em><\/strong>, einen <strong><em>gro\u00dfz\u00fcgigen<\/em><\/strong> <strong><em>Mehrzweckraum<\/em><\/strong>, eine <strong><em>moderne Mensa <\/em><\/strong>und eine <strong><em>neue<\/em><\/strong> <strong><em>Au\u00dfensportanlage<\/em><\/strong> den aktuellen Standards angepasst, ohne seinen historischen Charme zu verlieren. Die Schule ist mit \u00f6ffentlichen Verkehrsmitteln auch aus dem Umland <strong><em>unkompliziert<\/em><\/strong> zu erreichen.<\/p>\n\n\n\n<h3 class=\"wp-block-heading\">Ziele des gemeinsamen Lernes<\/h3>\n\n\n\n<ul class=\"wp-block-list\" id=\"_c8svYBJwGeclLq\">\n<li>die Erarbeitung&nbsp;von vertieftem und anwendungsf\u00e4higem <strong>Wissen<\/strong><\/li>\n\n\n\n<li>die Herausbildung von Lern-, Methoden- und Sozial<strong>kompetenz<\/strong><\/li>\n\n\n\n<li>die Entwicklung von individuellen <strong>Werte<\/strong>&#8211; und <strong>Norm<\/strong>vorstellungen<\/li>\n\n\n\n<li>die Auspr\u00e4gung einer vertieften <strong>Reflexions<\/strong>&#8211; und <strong>Diskursf\u00e4higkeit<\/strong><\/li>\n\n\n\n<li>die erfolgreiche Vorbereitung auf <strong>Studium<\/strong> und Berufsleben<\/li>\n<\/ul>\n\n\n\n<h3 class=\"wp-block-heading\">Schulleben<\/h3>\n\n\n\n<p>An unserer Schule finden regelm\u00e4\u00dfig die folgenden Veranstaltungen statt:<\/p>\n\n\n\n<ul class=\"wp-block-list\">\n<li>Abiturball<\/li>\n\n\n\n<li>Ehemaligentreffen<\/li>\n\n\n\n<li>Schullandheim Altenkirchen\/R\u00fcgen<\/li>\n\n\n\n<li>Sportfest<\/li>\n\n\n\n<li>Tag der offenen T\u00fcr<\/li>\n\n\n\n<li>Weihnachtskonzert<\/li>\n\n\n\n<li>Weihnachtsmarkt<\/li>\n\n\n\n<li>u.v.m.<\/li>\n<\/ul>\n\n\n\n<h3 class=\"wp-block-heading\">Profil<\/h3>\n\n\n\n<p>Wir bieten ein k\u00fcnstlerisches und ein naturwissenschaftliches Profil an.&nbsp;&nbsp;<\/p>\n\n\n\n<h3 class=\"wp-block-heading\">Fremdsprachen<\/h3>\n\n\n\n<p>Die erste Fremdsprache ist Englisch. Als zweite Fremdsprache kann Franz\u00f6sisch oder Spanisch gew\u00e4hlt werden.&nbsp;<\/p>\n\n\n\n<p>Diese und viele weitere Informationen finden Sie in der\u00a0<a href=\"https:\/\/schuldatenbank.sachsen.de\/index.php?id=100&amp;institution_key=4340212\" target=\"_blank\" rel=\"noreferrer noopener\">s\u00e4chsischen Schuldatenbank<\/a>.<\/p>\n\n\n\n<h2 class=\"wp-block-heading\">Virtueller Rundgang an unserer Schule<\/h2>\n\n\n\n<figure class=\"wp-block-image size-large is-style-rounded\"><a href=\"https:\/\/sway.office.com\/Lch0PXgsRYsIrt4n?ref=email\" target=\"_blank\" rel=\"noreferrer noopener\"><img loading=\"lazy\" decoding=\"async\" width=\"1024\" height=\"481\" src=\"https:\/\/pesta.schule\/wordpress\/wp-content\/uploads\/2023\/02\/VirtRundgang-1024x481.png\" alt=\"\" class=\"wp-image-337\" srcset=\"https:\/\/pesta.schule\/wordpress\/wp-content\/uploads\/2023\/02\/VirtRundgang-1024x481.png 1024w, https:\/\/pesta.schule\/wordpress\/wp-content\/uploads\/2023\/02\/VirtRundgang-300x141.png 300w, https:\/\/pesta.schule\/wordpress\/wp-content\/uploads\/2023\/02\/VirtRundgang-768x361.png 768w, https:\/\/pesta.schule\/wordpress\/wp-content\/uploads\/2023\/02\/VirtRundgang-1536x722.png 1536w, https:\/\/pesta.schule\/wordpress\/wp-content\/uploads\/2023\/02\/VirtRundgang.png 1783w\" sizes=\"auto, (max-width: 1024px) 100vw, 1024px\" \/><\/a><\/figure>\n\n\n\n<h3 class=\"wp-block-heading\">S\u00e4chliche Ressourcen<\/h3>\n\n\n\n<p>Die Schule ist behindertengerecht ausgestattet und verf\u00fcgt \u00fcber Behindertenparkpl\u00e4tze, einen barrierefreien Zugang, Aufzug und Behinderten WC`s.&nbsp;<\/p>\n\n\n\n<h2 class=\"wp-block-heading\">Unsere Schule in Bildern<\/h2>\n\n\n\n<figure class=\"wp-block-image\"><a href=\"https:\/\/cms.sachsen.schule\/fileadmin\/_processed_\/f\/f\/csm_Fachkabinett002_f43b6ebaf7.png\"><img decoding=\"async\" src=\"https:\/\/cms.sachsen.schule\/fileadmin\/_special\/gruppen\/444\/static\/Fachkabinette\/Fachkabinett002.png\" alt=\"\" title=\"Physik Kabinett\"\/><\/a><\/figure>\n\n\n\n<figure class=\"wp-block-image\"><a href=\"https:\/\/cms.sachsen.schule\/fileadmin\/_processed_\/6\/0\/csm_Fachkabinett003_1eec2d33df.png\"><img decoding=\"async\" src=\"https:\/\/cms.sachsen.schule\/fileadmin\/_special\/gruppen\/444\/static\/Fachkabinette\/Fachkabinett003.png\" alt=\"\" title=\"Physik Labor\"\/><\/a><\/figure>\n\n\n\n<figure class=\"wp-block-image\"><a href=\"https:\/\/cms.sachsen.schule\/fileadmin\/_processed_\/f\/b\/csm_Fachkabinett004_68e9b560fa.png\"><img decoding=\"async\" src=\"https:\/\/cms.sachsen.schule\/fileadmin\/_special\/gruppen\/444\/static\/Fachkabinette\/Fachkabinett004.png\" alt=\"\" title=\"Geografie Raum\"\/><\/a><\/figure>\n\n\n\n<figure class=\"wp-block-image\"><a href=\"https:\/\/cms.sachsen.schule\/fileadmin\/_processed_\/6\/6\/csm_Fachkabinett005_fca3126b42.png\"><img decoding=\"async\" src=\"https:\/\/cms.sachsen.schule\/fileadmin\/_special\/gruppen\/444\/static\/Fachkabinette\/Fachkabinett005.png\" alt=\"\" title=\"Sch\u00fcler im Chemie Unterricht\"\/><\/a><\/figure>\n\n\n\n<figure class=\"wp-block-image\"><a href=\"https:\/\/cms.sachsen.schule\/fileadmin\/_processed_\/6\/8\/csm_Fachkabinett006_ba9db20ba2.png\"><img decoding=\"async\" src=\"https:\/\/cms.sachsen.schule\/fileadmin\/_special\/gruppen\/444\/static\/Fachkabinette\/Fachkabinett006.png\" alt=\"\" title=\"Chemie Kabinett\"\/><\/a><\/figure>\n\n\n\n<figure class=\"wp-block-image\"><a href=\"https:\/\/cms.sachsen.schule\/fileadmin\/_processed_\/1\/4\/csm_Fachkabinett007_0f2805cfe4.png\"><img decoding=\"async\" src=\"https:\/\/cms.sachsen.schule\/fileadmin\/_special\/gruppen\/444\/static\/Fachkabinette\/Fachkabinett007.png\" alt=\"\" title=\"Laptop Kabinett\"\/><\/a><\/figure>\n\n\n\n<figure class=\"wp-block-image\"><a href=\"https:\/\/cms.sachsen.schule\/fileadmin\/_processed_\/d\/3\/csm_Fachkabinett008_42321fb260.png\"><img decoding=\"async\" src=\"https:\/\/cms.sachsen.schule\/fileadmin\/_special\/gruppen\/444\/static\/Fachkabinette\/Fachkabinett008.png\" alt=\"\" title=\"Computer Kabinett\"\/><\/a><\/figure>\n\n\n\n<figure class=\"wp-block-image\"><a href=\"https:\/\/cms.sachsen.schule\/fileadmin\/_processed_\/9\/b\/csm_IMG_20210603_103302_e52216db4a.jpg\"><img decoding=\"async\" src=\"https:\/\/cms.sachsen.schule\/fileadmin\/_processed_\/9\/b\/csm_IMG_20210603_103302_a03547817d.jpg\" alt=\"\"\/><\/a><\/figure>\n\n\n\n<figure class=\"wp-block-image\"><a href=\"https:\/\/cms.sachsen.schule\/fileadmin\/_processed_\/c\/2\/csm_IMG_20210603_104115_584980f4c8.jpg\"><img decoding=\"async\" src=\"https:\/\/cms.sachsen.schule\/fileadmin\/_processed_\/c\/2\/csm_IMG_20210603_104115_f8ad10af48.jpg\" alt=\"\"\/><\/a><\/figure>\n\n\n\n<figure class=\"wp-block-image\"><a href=\"https:\/\/cms.sachsen.schule\/fileadmin\/_processed_\/0\/e\/csm_IMG_20210603_103749_f59fa01691.jpg\"><img decoding=\"async\" src=\"https:\/\/cms.sachsen.schule\/fileadmin\/_processed_\/0\/e\/csm_IMG_20210603_103749_c3d29ee9aa.jpg\" alt=\"\"\/><\/a><\/figure>\n\n\n\n<p><\/p>\n","protected":false},"excerpt":{"rendered":"<p>Was erwartet Sie am Pestalozzi-Gymnasium In famili\u00e4rer Atmosph\u00e4re lernen bei uns rund 730 Sch\u00fcler begleitet von ca. 55 Lehrern und Referendaren. Im Vordergrund stehen f\u00fcr uns ein vertrautes Lehrer-Sch\u00fcler-Verh\u00e4ltnis und stabile Klassengemeinschaften. Um dies zu erreichen, bieten wir zahlreiche Kennenlern- und Willkommensangebote an, setzen auf Fachlehrerkontinuit\u00e4t und ein vielseitiges Schulleben au\u00dferhalb des Klassenzimmers. Dazu geh\u00f6rt [&hellip;]<\/p>\n","protected":false},"author":1,"featured_media":0,"parent":2,"menu_order":0,"comment_status":"closed","ping_status":"closed","template":"","meta":{"footnotes":""},"class_list":["post-100","page","type-page","status-publish","hentry"],"_links":{"self":[{"href":"https:\/\/pesta.schule\/wordpress\/index.php?rest_route=\/wp\/v2\/pages\/100","targetHints":{"allow":["GET"]}}],"collection":[{"href":"https:\/\/pesta.schule\/wordpress\/index.php?rest_route=\/wp\/v2\/pages"}],"about":[{"href":"https:\/\/pesta.schule\/wordpress\/index.php?rest_route=\/wp\/v2\/types\/page"}],"author":[{"embeddable":true,"href":"https:\/\/pesta.schule\/wordpress\/index.php?rest_route=\/wp\/v2\/users\/1"}],"replies":[{"embeddable":true,"href":"https:\/\/pesta.schule\/wordpress\/index.php?rest_route=%2Fwp%2Fv2%2Fcomments&post=100"}],"version-history":[{"count":10,"href":"https:\/\/pesta.schule\/wordpress\/index.php?rest_route=\/wp\/v2\/pages\/100\/revisions"}],"predecessor-version":[{"id":399,"href":"https:\/\/pesta.schule\/wordpress\/index.php?rest_route=\/wp\/v2\/pages\/100\/revisions\/399"}],"up":[{"embeddable":true,"href":"https:\/\/pesta.schule\/wordpress\/index.php?rest_route=\/wp\/v2\/pages\/2"}],"wp:attachment":[{"href":"https:\/\/pesta.schule\/wordpress\/index.php?rest_route=%2Fwp%2Fv2%2Fmedia&parent=100"}],"curies":[{"name":"wp","href":"https:\/\/api.w.org\/{rel}","templated":true}]}}